{"id":164,"date":"2021-11-05T20:03:04","date_gmt":"2021-11-05T19:03:04","guid":{"rendered":"https:\/\/www.euroforest.de\/?page_id=164"},"modified":"2021-11-05T20:03:05","modified_gmt":"2021-11-05T19:03:05","slug":"solid-wood-panels-2-2","status":"publish","type":"page","link":"https:\/\/www.euroforest.de\/en\/solid-wood-panels-2-2\/","title":{"rendered":"Solid wood panels Information"},"content":{"rendered":"<div style=\"height:4900px\">\n<div style=\"width:460px;padding-left:15px;padding-top:15px;float:left;\">\n<h1><img decoding=\"async\" src=\"images\/blatt.gif\" border=\"0\" alt=\"LARBON Logo\">LARBON Massivholzplatten - Hochwertige Leimholzplatten f\u00fcr den Treppen-, M\u00f6bel-, K\u00fcchen- und Innenausbau<\/h1>\n<p>&nbsp;<\/p>\n<p>Euroforest hat sich seit 2001 zum <b>Marktf\u00fchrer f\u00fcr hochwertige Massivholzplatten aus Laubholz<\/b> spezialisiert. Unsere Kunden sind Holzh\u00e4ndler, M\u00f6belwerke und Holzindustrie in ganz Europa.<\/p>\n<p>In 2020 wurden von Euroforest \u00fcber 600 LKW-Ladungen und Container <b>Leimholzplatten aus den besten Wuchsregionen Europas und Asiens<\/b> importiert. Tendenz steigend. Seit 2015 betreuen wir unsere 5 Zulieferwerke in der Ukraine von unserem eigenen <b>Einkaufsb\u00fcro in Kiew<\/b>. Jede Holzart von den daf\u00fcr besten Produzenten - unseren langj\u00e4hrigen Partnern. Jede Platte wird mehrfach hinsichtlich Qualit\u00e4t und Verwendung kontrolliert.<\/p>\n<p>Um die Versorgung des Holzhandels abzusichern, haben wir ein Zwischenlager (3 Hallen mit insgesamt 3.280m\u00b2 Hallenfl\u00e4che) mit 30.000 St\u00fcck (ca. 2.500m\u00b3) hochwertigen Laubholz-Massivholzplatten aufgebaut. Unsere H\u00e4ndlerkunden k\u00f6nnen damit kurzfristig auf ein gepr\u00fcftes, bew\u00e4hrtes und marktg\u00e4ngiges <b>Stock assortment<\/b> kommissioniert zugreifen, ohne selbst die ganze Bandbreite dieses stetig wachsenden Sortiments vorhalten zu m\u00fcssen.<\/p>\n<p>Mitte 2016 wurde ein 600qm gro\u00dfes <b>Fl\u00e4chenlager<\/b> der Firma Grundner in Betrieb genommen. Damit bekommen wir kurzfristig st\u00fcckweisen Zugriff auf ca. 700m\u00b3 Platten.<\/p>\n<p><b>Sonderanfertigungen nach Ma\u00df und Zuschnittlisten<\/b> werden in nur wenigen Wochen zuverl\u00e4ssig gefertigt und geliefert. <b>CNC Bearbeitung<\/b> oder Beschichtung mit HDF kann hier vor Ort ebenfalls mit angeboten werden.<\/p>\n<p>&nbsp;<\/p>\n<p style=\"color:#c63;font-weight:bold\">Vorteile von Massivholzplatten:<\/p>\n<p>- schnell - sofort bedarfsgerecht einsetzbar<br \/>\n- effizient - beste Materialausnutzung ohne Verschnitt<br \/>\n- zeitsparend - reduziert arbeitsintensive Vorfertigung<br \/>\n- technisch - homogene Qualit\u00e4t ersetzt heterogenes Schnittholz<br \/>\n- definiert - verwendungsbezogene Sortierungen minimieren Einkaufsrisiko<\/p>\n<p style=\"color:#c63;font-weight:bold\">Gro\u00dfes Lagersortiment:<\/p>\n<p>Als Spezialist f\u00fcr Laubholz Massivholzplatten haben wir in Oberaurach immer ca. 30.000 St\u00fcck  Massivholzplatten als 1-S-Platten (Leimholzplatten) und 3-S-Platten (Dreischichtplatten) in allen g\u00e4ngigen Holzarten am Lager. Mit 1.200 verschiedenen Artikeln finden unserer Kunden immer die aktuell ben\u00f6tigte Holzart, Qualit\u00e4t und Abmessung. Damit m\u00f6chten wir unseren H\u00e4ndlerkunden die M\u00f6glichkeit geben, auf ein breites, abgestimmtes und gepr\u00fcftes Massivholzplatten-Sortiment von mehr als 2.500 m\u00b3 kurzfristig und kommissioniert zuzugreifen, ohne selbst alle Holzarten, Formate und Qualit\u00e4ten vorhalten zu m\u00fcssen.<\/p>\n<p style=\"color:#c63;font-weight:bold\">Ihre Vorteile:<\/p>\n<p>- schneller und einfacher Zugriff auf 2.500m\u00b3<br \/>\n- definiertes Standardsortiment mit 1.200 verschiedenen Artikeln<br \/>\n- gleichbleibende, gepr\u00fcfte und bew\u00e4hrte Lagerqualit\u00e4ten<br \/>\n- kurze Lieferzeiten vom Lager<br \/>\n- st\u00fcckweise kommissioniert ohne Mindestabnahme<br \/>\n- Ma\u00dfanfertigungen \/ Schnittlisten erh\u00e4ltlich<br \/>\n- technische und kaufm\u00e4nnische Beratung vom erfahrenen Spezialisten<br \/>\n- jede Holzart von der daf\u00fcr besten Produktion aus einer Hand<\/p>\n<p style=\"color:#c63;font-weight:bold\">Produktbeschreibung Massivholzplatten (Leimholzplatten, 1-S-Laubholzplatten):<\/p>\n<p>Unsere LARBON Massivholzplatten \/ Leimholzplatten werden aus Rundholz aus den besten Wuchsgebieten hergestellt. Vor der Verarbeitung wird das Schnittholz sorgf\u00e4ltig technisch getrocknet. Nach dem Zuschnitt der Lamellen werden diese farblich und hinsichtlich der zu produzierenden Plattenqualit\u00e4ten fachgerecht sortiert. Naturbedingte Farb- und Strukturabweichungen, bedingt durch den Wuchs des Baumes und der Schnittrichtung des Schnittholzes, k\u00f6nnen jedoch nicht ausgeschlossen werden. Massivholzplatten haben weiterhin die nat\u00fcrlichen Eigenschaften und den Charakter des Massivholzes, jedoch kann das Quell- und Schwindverhalten, Verziehen und Sch\u00fcsseln, durch die ordnungsgem\u00e4\u00dfe und sorgf\u00e4ltige Verleimung reduziert werden. Trotzdem k\u00f6nnen Temperatur- und Luftfeuchteschwankungen zu den oben genannten Reaktionen als nat\u00fcrliche Holzeigenschaften f\u00fchren.<\/p>\n<p>Alle unsere Massivholzplatten \u00fcbertreffen die notwendigen Vorgaben der Europ\u00e4ischen Normen DIN EN 13353 (technische Anforderungen) und DIN EN 13017-2 (optische Erscheinungsklassen) deutlich.<\/p>\n<p>Gem\u00e4\u00df der europ\u00e4ischen Bauproduktenverordnung (Verordnung EU 305\/2011) m\u00fcssen Massivholzplatten, wenn sie als Bauprodukte in Verkehr gebracht werden, mit dem CE Kennzeichen versehen werden. EN 13986 bildet die normative Grundlage f\u00fcr die CE Leistungserkl\u00e4rung.<\/p>\n<p style=\"color:#c63;font-weight:bold\">Ausf\u00fchrungstypen Massivholzplatten \/ Leimholzplatten:<\/p>\n<p><strong>Keilgezinkte Lamellen KGZ<\/strong><br \/>\n- Lamellen in der L\u00e4nge keilgezinkt, Standardl\u00e4nge 250-400mm<br \/>\n- Lamellenbreiten Standard Fix ca. 40-45mm oder \"Fineline\" ca. 20-30mm<br \/>\n- L\u00e4ngen bis 6m erreichbar<br \/>\n- strukturierte Oberfl\u00e4che<br \/>\n- g\u00fcnstig, da bessere Ausnutzung der Rohware<\/p>\n<p><strong>Durchgehende Lamellen DL<\/strong><br \/>\n- ohne St\u00f6\u00dfe in der L\u00e4nge<br \/>\n- handwerklich hochwertige Optik<br \/>\n- keine langen L\u00e4ngen zu erreichen<br \/>\n- Lamellenbreiten fallend (=unterschiedlich) ca. 40-100mm oder fix ca. 45-50mm<\/p>\n<p style=\"color:#c63;font-weight:bold\">Verwendung Leimholzplatten:<\/p>\n<p>M\u00f6belplatten, Tischplatten, K\u00fcchenarbeitsplatten, Werkbankplatten, Treppenstufenplatten und Wangenplatten, Konstruktionsplatten, Regalb\u00f6den, T\u00fcrfutter und -rahmen, Fensterb\u00e4nke<\/p>\n<p>{gotop}<\/p>\n<p style=\"color:#c63;font-weight:bold\">Eigenschaften des Holzes:<\/p>\n<p>Man erkennt das \u00fcber Jahrzehnte nat\u00fcrlich gewachsene Holz an der interessanten Farbenvielfalt und der individuellen Maserung. Verwachsungen und \u00c4ste sind typische Merkmale, die die nat\u00fcrliche Sch\u00f6nheit des hochwertigen Holzes hervorheben. Die nat\u00fcrliche und k\u00fcnstliche Holztrocknung beeinflu\u00dft ebenfalls die Eigenfarbe des Holzes. Auch die Jahreszeit des Einschnittes im Wald sowie die Lagerung beeinflussen die Farbe des Holzes. Nach der Oberfl\u00e4chenbehandlung kann es zu Farbabweichungen kommen. Massivholzplatten sind hygroskopisch und nehmen Feuchtigkeit aus der Luft auf und geben diese auch wieder ab. Hierdurch kommt es zu dem als \"arbeiten\" bezeichneten Effekt der Quellung und Schwindung. Massivholzplatten \/ Leimholzplatten aus Holz sind ein Naturprodukt. Ihre naturgegebenen Eigenschaften, Abweichungen und Merkmale sind daher stets zu beachten. Insbesondere sind die biologischen, physikalischen und chemischen Eigenschaften des Holzes beim Kauf und der Verwendung zu ber\u00fccksichtigen. Die Bandbreite von nat\u00fcrlichen Farb-, Struktur- und sonstigen Unterschieden innerhalb einer Holzart geh\u00f6rt zu den Eigenschaften des Naturproduktes Holz und stellt keinen Reklamations- oder Haftungsgrund dar.<\/p>\n<p style=\"color:#c63;font-weight:bold\">Holzarten - Einheimisches Laubholz:<\/p>\n<p>Buche natur (unged\u00e4mpft), Buche leicht ged\u00e4mpft, Buche Kern (Kernbuche)<br \/>\nEurop. Eiche, Wildeiche und Asteiche (Europ. Eiche Rustikal), R\u00e4uchereiche (nur keilgezinkt), Zerreiche (Quercus cerris, nur Kommission)<br \/>\nAkazie (Robinie) ged\u00e4mpft<br \/>\nEurop. Ahorn<br \/>\nEsche, Esche Kern (Kernesche, Braunkern)<br \/>\nKirschbaum natur, Kirsche ged\u00e4mpft<br \/>\nBirke, Erle natur und leicht ged\u00e4mpft (Schwarzerle)<br \/>\nEurop. Walnu\u00df, Europ. Schwarznu\u00df (nur keilgezinkt)<br \/>\nBirnbaum \/ Birne (nur keilgezinkt)<br \/>\nUlme \/ R\u00fcster (nur keilgezinkt)<\/p>\n<p style=\"color:#c63;font-weight:bold\">Holzarten - Amerikanisches Laubholz:<\/p>\n<p>Amerikanischer Nu\u00dfbaum (Schwarznu\u00df \/ Ami Nuss \/ Black Walnut)<br \/>\nRed Alder (Amerik. Rot-Erle)<br \/>\nAmerik. Wei\u00dfeiche (Quercus alba)<br \/>\nHard Maple (Kan. Ahorn)<\/p>\n<p style=\"color:#c63;font-weight:bold\">Holzarten - Tropisches Laubholz:<\/p>\n<p>Iroko (nur keilgezinkt)<br \/>\nSapelli \/ Sapeli, Sipo (Utile)<br \/>\nGomb\u00e9<br \/>\nDibetou (African Black Walnut)<br \/>\nAmazakou\u00e9 (Ovengkol, nur keilgezinkt)<br \/>\nPadouk (Barwood) (nur keilgezinkt)<br \/>\nWenge, Zebrano (nur keilgezinkt)<br \/>\nBubinga (nur keilgezinkt)<br \/>\nTeak (nur keilgezinkt 27, 36 mm)<br \/>\nBambus (coffee + natur)<br \/>\nHevea \/ Rubberwood (nur keilgezinkt)<\/p>\n<p style=\"color:#c63;font-weight:bold\">Holzarten Nadelholz:<\/p>\n<p>Kiefer, Sibirische L\u00e4rche<\/p>\n<p>{gotop}<\/p>\n<p style=\"color:#c63;font-weight:bold\">Holzfeuchte:<\/p>\n<p>Bei Produktionsende betr\u00e4gt die Holzfeuchte ca. 8 +\/- 2%, was der Ausgleichsfeuchte bei Verwendung in geschlossenen R\u00e4umen mit einem gesunden Wohnklima von 20\u00b0C \/ 55% Luftfeuchte entspricht.<\/p>\n<p style=\"color:#c63;font-weight:bold\">Verleimung \/ Formaldehyd:<\/p>\n<p>Alle Massivholzplatten \/ Leimholzplatten werden mit gepr\u00fcften deutschen Marken-Leimen (z.B. Jowatt, Kleiberit) der Beanspruchungsklassen D3 und D4 gem. DIN\/EN 204 formaldehydfrei verleimt. Anwendungsgebiete dieser PVAc-Leime (=Wei\u00dfleime) sind Innenbereiche mit h\u00e4ufiger kurzzeitigen Einwirkung von abflie\u00dfendem Wasser oder Kondenswasser und\/oder Einwirkung hoher Luftfeuchte. Sowie Au\u00dfenbereiche, jedoch vor Witterung gesch\u00fctzt. Der Leimanteil liegt bei Massivholzplatten bei nur ca. 0,1%. Die verwendeten PVA-Leime geben kein Formaldehyd ab (dagegen sind Spanplatten meistens Formaldehydharz gebunden und haben einen Leimanteil von bis zu 10%).<\/p>\n<p>Mit D3 Verleimungen ist lediglich die technische Klasse von Massivholzplatten gem. EN 13353 von SWP\/1 (Trockenbereich nach EN 13986) zu erreichen.<br \/>\nMit D4 Verleimungen ist lediglich die technische Klasse von Massivholzplatten gem. EN 13353 von SWP\/2 (Feuchtbereich nach EN 13986 ) zu erreichen.<\/p>\n<p><strong>Wie viel Formaldehyd kommt aus nat\u00fcrlichem Holz?<\/strong><br \/>\nRichtig ist, auch nat\u00fcrliches Holz kann Formaldehyd freisetzen, das insbesondere beim industriellen Trocknen durch Thermolyse (Aufspaltung) des Lignins entsteht. Der Formaldehyd-Gehalt von nat\u00fcrlich gewachsenem Vollholz ist sehr gering. Die meisten Material-Kennwerte liegen in einem Bereich, der mit der Routineanalytik nicht mehr sicher nachgewiesen werden kann. Die Emissionen betragen maximal ein Zehntel des E1-Grenzwertes oder liegen zum Teil ebenfalls in dem der Routineanalytik nicht mehr zug\u00e4nglichen Bereich. Die in der Literatur angegebenen Werte f\u00fcr Formaldehyd-Abgabe von nat\u00fcrlich gewachsenem Holz in der Pr\u00fcfkammer sind nach DIN V ENV 717-1 zwischen 0,009 ppm bei Eiche und bis 0,002 bei Buche. Die E1-Qualit\u00e4t ist der zurzeit gesetzlich zul\u00e4ssige Mindeststandard. Eine Konzentration von 0,1 ppm darf in einer Pr\u00fcfkammer nicht \u00fcberschritten werden, in der sich die Luft in der Stunde einmal komplett austauscht (Luftwechsel: 1\/h).<\/p>\n<p>Fazit: Vollholz leistet somit keinen signifikanten Beitrag zu Formaldehyd-Belastungen in Innenr\u00e4umen.<\/p>\n<p style=\"color:#c63;font-weight:bold\">Lagerung:<\/p>\n<p>Beim Transport oder bei der Lagerung von Massivholzplatten kann es zu einer Feuchteaufnahme kommen. W\u00e4hrend der Lagerung und der Bearbeitung ist daher unbedingt auf ein gleichm\u00e4\u00dfiges Raumklima zu achten. Die Lagerung sollte in geschlossenen, nicht zu trockenen oder zu feuchten R\u00e4umen erfolgen. Die Massivholzplatten sollten abgedeckt sein und gerade, vollfl\u00e4chig aufliegen. Bitte beachten Sie, dass das Schwind- und Quellverm\u00f6gen bei ca. 0,6% je 1% Holzfeuchte\u00e4nderung liegt. Vor der Weiterverarbeitung der Massivholzplatten ist daher eine Klimatisierung auf die entsprechende Verwendungsfeuchte zu empfehlen.<\/p>\n<p style=\"color:#c63;font-weight:bold\">Oberfl\u00e4chen:<\/p>\n<p>Alle Massivholzplatten \/ Leimholzplatten werden mit Korn 100 geschliffen. Korn 80 oder 120 auf Wunsch. Damit besteht die M\u00f6glichkeit die Platten je nach Wunsch zu \u00f6len, zu wachsen oder zu lackieren. Die Ober- und Unterseite sollte generell den gleichen Oberfl\u00e4chenaufbau aufweisen um einen eventuellen Verzug zu vermeiden. Auf Nachfrage sind vorge\u00f6lte Platten lieferbar.<\/p>\n<p>{gotop}<\/p>\n<\/div>\n<div style=\"width:316px;float:right;\">\n<img decoding=\"async\" src=\"images\/larbon.gif\" border=\"0\" alt=\"LARBON Leimholzplatten\"><\/p>\n<p><img decoding=\"async\" src=\"images\/beste_wuchsgebiete_euroforest.jpg\" border=\"0\" alt=\"LARBON solid wood panels\"><\/p>\n<p><img decoding=\"async\" src=\"images\/leimholzplatten_larbon.jpg\" border=\"0\" alt=\"LARBON solid wood panels\"><\/p>\n<p><img decoding=\"async\" src=\"images\/halle_begutachtung.jpg\" border=\"0\" alt=\"LARBON solid wood panels\"><\/p>\n<p><img decoding=\"async\" src=\"images\/halle_stapler5.jpg\" border=\"0\" alt=\"LARBON Treppenstufenplatten\"><\/p>\n<p><img decoding=\"async\" src=\"images\/halle_stapler4.jpg\" border=\"0\" alt=\"LARBON Massivholzplatte\"><\/p>\n<p><img decoding=\"async\" src=\"images\/lkw_stapler2.jpg\" border=\"0\" alt=\"LARBON Massivholzplatte\"><\/p>\n<p><img decoding=\"async\" src=\"images\/produktion_eichenplatten.jpg\" border=\"0\" alt=\"LARBON solid wood panels\"><\/p>\n<p><img decoding=\"async\" src=\"images\/produktion_eichenplatten2.jpg\" border=\"0\" alt=\"LARBON solid wood panels\"><\/p>\n<p><img decoding=\"async\" src=\"images\/massivholzplatten_prod1.jpg\" border=\"0\" alt=\"LARBON Massivholzplatten Produktion\"><\/p>\n<p><img decoding=\"async\" src=\"images\/massivholzplatten_prod3.jpg\" border=\"0\" alt=\"LARBON Massivholzplatten Produktion\"><\/p>\n<p><img decoding=\"async\" src=\"images\/massivholzplatten_prod4.jpg\" border=\"0\" alt=\"LARBON Massivholzplatten Produktion\"><\/p>\n<p><img decoding=\"async\" src=\"images\/massivholzplatten_prod5.jpg\" border=\"0\" alt=\"LARBON Massivholzplatten Produktion\"><\/p>\n<p><img decoding=\"async\" src=\"images\/massivholzplatten_prod7.jpg\" border=\"0\" alt=\"LARBON Massivholzplatten Produktion\"><\/p>\n<p><img decoding=\"async\" src=\"images\/halle_stapler2.jpg\" border=\"0\" alt=\"LARBON Massivholzplatte\"><\/p>\n<p><img decoding=\"async\" src=\"images\/halle_stapler1.jpg\" border=\"0\" alt=\"LARBON Massivholzplatte\"><\/p>\n<p><img decoding=\"async\" src=\"images\/halle_stapler6.jpg\" border=\"0\" alt=\"LARBON Massivholzplatte\"><\/p>\n<p><img decoding=\"async\" src=\"images\/halle_stapler3.jpg\" border=\"0\" alt=\"LARBON Massivholzplatte\"><\/p>\n<p><img decoding=\"async\" src=\"images\/larbon_stapel.jpg\" border=\"0\" alt=\"LARBON solid wood panels\"><\/p>\n<p><img decoding=\"async\" src=\"images\/larbon_stapel_gross.jpg\" border=\"0\" alt=\"LARBON solid wood panels\"><\/p>\n<\/div>\n<\/div>","protected":false},"excerpt":{"rendered":"<p>LARBON Massivholzplatten - Hochwertige Leimholzplatten f\u00fcr den Treppen-, M\u00f6bel-, K\u00fcchen- und Innenausbau &nbsp; Euroforest hat sich seit 2001 zum Marktf\u00fchrer f\u00fcr hochwertige Massivholzplatten aus Laubholz spezialisiert. Unsere Kunden sind Holzh\u00e4ndler, M\u00f6belwerke und Holzindustrie in ganz Europa. In 2020 wurden von Euroforest \u00fcber 600 LKW-Ladungen und Container Leimholzplatten aus den besten Wuchsregionen Europas und Asiens importiert. [&hellip;]<\/p>","protected":false},"author":1,"featured_media":0,"parent":0,"menu_order":76,"comment_status":"closed","ping_status":"closed","template":"","meta":{"footnotes":""},"class_list":["post-164","page","type-page","status-publish","hentry"],"_links":{"self":[{"href":"https:\/\/www.euroforest.de\/en\/wp-json\/wp\/v2\/pages\/164","targetHints":{"allow":["GET"]}}],"collection":[{"href":"https:\/\/www.euroforest.de\/en\/wp-json\/wp\/v2\/pages"}],"about":[{"href":"https:\/\/www.euroforest.de\/en\/wp-json\/wp\/v2\/types\/page"}],"author":[{"embeddable":true,"href":"https:\/\/www.euroforest.de\/en\/wp-json\/wp\/v2\/users\/1"}],"replies":[{"embeddable":true,"href":"https:\/\/www.euroforest.de\/en\/wp-json\/wp\/v2\/comments?post=164"}],"version-history":[{"count":0,"href":"https:\/\/www.euroforest.de\/en\/wp-json\/wp\/v2\/pages\/164\/revisions"}],"wp:attachment":[{"href":"https:\/\/www.euroforest.de\/en\/wp-json\/wp\/v2\/media?parent=164"}],"curies":[{"name":"wp","href":"https:\/\/api.w.org\/{rel}","templated":true}]}}