{"id":18,"date":"2013-03-03T22:11:05","date_gmt":"2013-03-03T21:11:05","guid":{"rendered":"https:\/\/www.euroforest.de\/treppenbauplatten-kgz\/"},"modified":"2013-03-03T22:11:05","modified_gmt":"2013-03-03T21:11:05","slug":"stair-step-panels-fj-2","status":"publish","type":"page","link":"https:\/\/www.euroforest.de\/en\/stair-step-panels-fj-2\/","title":{"rendered":"Treppenbauplatten kgz"},"content":{"rendered":"<div style=\"height:2500px\">\n<div style=\"width:460px;padding-left:15px;padding-top:15px;float:left;\">\n<h1><img decoding=\"async\" src=\"images\/blatt.gif\" border=\"0\" alt=\"LARBON Logo\" \/>LARBON Treppenbauplatten (Treppenstufenplatten) keilgezinkt<\/h1>\n<p>&nbsp;<\/p>\n<p>Der Vorteil von keilgezinkten Treppenplatten liegt im vergleichsweise g\u00fcnstigen Preis, da das Schnittholz bestm\u00f6glich ausgenutzt werden kann (ca. 50%).<\/p>\n<p>Durch das Verleimen von in der L\u00e4nge keilgezinkten Lamellen k\u00f6nnen homogene gro\u00dffl\u00e4chige Platten bis zu Abmessungen von L\u00e4nge 6000mm x Breite 1250mm gefertigt werden.<\/p>\n<p><\/p>\n<p style=\"color:#c63;font-weight:bold\">Ausf\u00fchrungstypen Treppenbauplatten keilgezinkt:<\/p>\n<p>- keilgezinkte Lamellen mit standard Lamellenbreite ca. 40-42mm fix, Lamellenl\u00e4ngen ca. 250-400mm<br \/>\n- keilgezinkte Lamellen mit schmalen Lamellen ca. 20mm (\"Fineline\")<\/p>\n<p style=\"color:#c63;font-weight:bold\">Holzarten:<\/p>\n<p>    <u>Lagerware<\/u>:<br \/>Buche leicht ged\u00e4mpft, Kernbuche, Buche natur (unged&auml;mpft), Europ. Eiche, Wildeiche, Esche, Europ. Ahorn, Birke, Robinie (Akazie ged&auml;mpft), Europ. Kirsche ged&auml;mpft, Europ. Nu\u00dfbaum, Europ. Schwarznu\u00df, Amer. Nu\u00dfbaum (\u201eBlack Walnut\u201c)<\/p>\n<p><u>Kommission<\/u>:<br \/>Kiefer, Hevea (Rubberwood)<\/p>\n<p style=\"color:#c63;font-weight:bold\">Abmessungen:<\/p>\n<p>- Lagerst\u00e4rken: 40mm, 45mm, Buche 50mm (Stufen und Wangen), 18\/19mm, 26\/27mm (Setzstufen)<br \/>\n- Sonderst\u00e4rken: 16mm, 30mm, 43mm, 55-60mm symmetrisch aufgedoppelt (2x30mm)<br \/>\n- L\u00e4ngen: bis max. 6000mm \/ Lagerl\u00e4ngen 4200mm, 5000mm<br \/>\n- Breiten: bis max. 1250 mm \/ Lagerbreiten 600mm, 650mm, 700mm, 800mm, 1210mm<\/p>\n<p style=\"color:#c63;font-weight:bold\">Qualit\u00e4ten Treppenstufenplatten kgz:<\/p>\n<p><\/p>\n<p>\n<strong>A \/ B<\/strong>:<\/p>\n<p>- Oberseite A: sauber ohne Rotkern \/ Braunkern, Eiche ohne Splint, astfrei, einheitliche Farbe und Struktur, farblich sortiert<br \/>\n- Unterseite B: ohne Rotkern, astfrei, naturbunt, Farbdifferenzen erlaubt, Eiche nur ganz vereinzelt Splint<\/p>\n<p>      <strong>A \/ BC<\/strong>:<\/p>\n<p>- Oberseite A: sauber ohne Rotkern \/ Braunkern, Eiche ohne Splint, astfrei, einheitliche Farbe und Struktur, farblich sortiert<br \/>\n- Unterseite BC: vereinzelt Rotkern, astfrei, naturbunt, Farbdifferenzen erlaubt, Eiche mit max. 20% Splintanteil und vereinzelt kleine Punkt\u00e4ste erlaubt<\/p>\n<p><strong>A \/ C<\/strong>:<\/p>\n<p>- Oberseite A: sauber ohne Rotkern \/ Braunkern, Eiche ohne Splint, astfrei, einheitliche Farbe und Struktur, farblich sortiert<br \/>\n- Unterseite C: Buche naturbunt, gesunder Rotkern erlaubt (0-100%), Farbdifferenzen erlaubt, Eiche mit gesundem Splint, kleine \u00c4ste erlaubt<\/p>\n<p><strong>Kern \/ C<\/strong> (Kernbuche Treppenqualit\u00e4t):<\/p>\n<p>- Oberseite Kern: Buche naturbunt, gesunder Rotkern dekorativ erw\u00fcnscht, Farbdifferenzen erlaubt, ohne \u00c4ste<br \/>\n- Unterseite C: Buche naturbunt, gesunder Rotkern erlaubt (0-100%), Farbdifferenzen erlaubt, kleine Punkt\u00e4ste erlaubt<\/p>\n<p>      <strong>B \/ C<\/strong>:<\/p>\n<p>- Oberseite B: nur vereinzelt Rotkern \/ Braunkern \/ etwas gesunder Spint erlaubt, farblich nicht sortiert, ohne \u00c4ste, keine blauen oder grauen Lamellen<br \/>\n- Unterseite C: gesunder Rotkern \/ Braunkern \/ Splint erlaubt (0-100%), Farbdifferenzen erlaubt, Eiche mit gesundem Splint, kleine Punkt\u00e4ste erlaubt<\/p>\n<p><strong>\"Naturbunt\" (Buche Treppenqualit\u00e4t):<\/strong><\/p>\n<p>- Oberseite: gesunder Rotkern erlaubt (0-100%), farblich nicht sortiert, ohne \u00c4ste, keine blauen oder grauen Lamellen<br \/>\n- Unterseite: gesunder Rotkern erlaubt (0-100%), farblich nicht sortiert, ohne \u00c4ste<\/p>\n<p><strong>Wildeiche B\/B<\/strong> (Eiche natur Treppenqualit&auml;t):<\/p>\n<p>- Oberseite: Eiche ohne Splint, kleine \u00c4ste bis ca. 25mm Durchmesser dekorativ erw\u00fcnscht, Farbdifferenzen erlaubt, offene \u00c4ste dunkel\/schwarz gespachtelt<br \/>\n- Unterseite: Eiche im Prinzip splintfrei, \u00c4ste erlaubt, Farbdifferenzen erlaubt, offene \u00c4ste dunkel\/schwarz gespachtelt<\/p>\n<p><strong>Asteiche<\/strong> (Eiche rustikal Treppenqualit&auml;t):<\/p>\n<p>- Oberseite: rustikales Bild, splintfrei, Farbdifferenzen erlaubt, gr\u00f6\u00dfere \u00c4ste bis max. ca. 35mm Durchmesser dekorativ erw\u00fcnscht und dunkel\/schwarz gespachtelt, geschlossene Oberfl\u00e4che<br \/>\n- Unterseite: Eiche im Prinzip splintfrei, Farbdifferenzen erlaubt, offene \u00c4ste dunkel\/schwarz gespachtelt, geschlossene Oberfl\u00e4che<\/p>\n<p>      <strong>D\/D<\/strong> (zum Furnieren):<\/p>\n<p>- Oberseite D: Buche naturbunt, Rotkern erlaubt (0-100%), Farbdifferenzen erlaubt, Eiche mit gesundem Splint, Punkt\u00e4ste und Spachtel erlaubt<br \/>\n- Unterseite D: Buche naturbunt, Rotkern erlaubt (0-100%), Farbdifferenzen erlaubt, Eiche mit gesundem Splint, Punkt\u00e4ste und Spachtel erlaubt<\/p>\n<p>\n{gotop}<br \/>\n    <\/p>\n<p style=\"color:#c63;font-weight:bold\">Holzfeuchte:<\/p>\n<p>Bei Produktionsende betr\u00e4gt die Holzfeuchte circa 8+\/-2%, was der Ausgleichsfeuchte bei Verwendung in geschlossenen R\u00e4umen mit einem gesunden Wohnklima von 20\u00b0C \/ 55% Luftfeuchte entspricht.<\/p>\n<p style=\"color:#c63;font-weight:bold\">Verleimung:<\/p>\n<p>Alle Massivholzplatten \/ Leimholzplatten werden mit gepr\u00fcften Marken-Leimen der Beanspruchungsklasse D3 - gem. EN 204 (PVAC = formaldehydfreie Wei\u00dfleime) verleimt, Eiche aufgrund der Gerbs\u00e4uren immer in D4. Anwendungsgebiete sind Innenbereiche mit h\u00e4ufiger kurzzeitigen Einwirkung von abflie\u00dfendem Wasser oder Kondenswasser und\/oder Einwirkung hoher Luftfeuchte -SWP\/1 gem EN 13353 (Trockenraum)- und Au\u00dfenbereiche, vor Witterung gesch\u00fctzt. Auf Wunsch ist auch die Verleimung der Klasse D4 m\u00f6glich.<\/p>\n<p style=\"color:#c63;font-weight:bold\">Lagerung:<\/p>\n<p>Beim Transport oder bei der Lagerung von Massivholzplatten kann es zu einer Feuchteaufnahme kommen. W\u00e4hrend der Lagerung und der Bearbeitung ist daher unbedingt auf ein gleichm\u00e4\u00dfiges Raumklima zu achten. Die Lagerung sollte in geschlossenen, nicht zu trockenen oder zu feuchten R\u00e4umen erfolgen. Die Massivholzplatten sollten abgedeckt sein und gerade, vollfl\u00e4chig aufliegen. Beachten Sie, dass das Schwind- und Quellverm\u00f6gen bei ca. 0,6% je 1% Holzfeuchte\u00e4nderung liegt. Vor der Weiterverarbeitung der Massivholzplatten ist daher eine Klimatisierung auf die entsprechende Verwendungsfeuchte zu empfehlen.<\/p>\n<p style=\"color:#c63;font-weight:bold\">Oberfl&auml;chen:<\/p>\n<p>Alle Massivholzplatten \/ Leimholzplatten werden mit Korn 100 geschliffen. Korn 80 oder 120 auf Wunsch. Damit besteht die M\u00f6glichkeit die Platten je nach Wunsch zu \u00f6len, zu wachsen oder zu lackieren. Die Ober- und Unterseite sollte generell den gleichen Oberfl\u00e4chenaufbau aufweisen um einen eventuellen Verzug zu vermeiden.<\/p>\n<p style=\"color:#c63;font-weight:bold\">Keilzinkung:<\/p>\n<p>Randzinkenfr\u00e4ser, Zinken verleimt und auf der Fl\u00e4che nicht sichtbar<\/p>\n<p style=\"color:#c63;font-weight:bold\">Verleimfugen:<\/p>\n<p>stumpf, geschlossen<\/p>\n<p style=\"color:#c63;font-weight:bold\">Kanten:<\/p>\n<p>- sauberer S\u00e4geschnitt, auf L\u00e4nge gekappt<br \/>\n- Rundkanten, Rundungen oder Fasen m\u00f6glich<\/p>\n<p style=\"color:#c63;font-weight:bold\">Paketgr&ouml;&szlig;en:<\/p>\n<p>- 18-27mm = 30 St\u00fcck\/Paket<br \/>\n- 38-45mm = 20 St\u00fcck\/Paket<br \/>\n- 50-55mm = 10 St\u00fcck\/Paket<\/p>\n<p style=\"color:#c63;font-weight:bold\">Verpackung:<\/p>\n<p>Paketweise Folierung als Standard. Einzelfolierung (Vakuumfolie), Einleger sowie Eigenmarken-Label auf Wunsch m\u00f6glich.<\/p>\n<p style=\"color:#c63;font-weight:bold\">Lieferzeiten:<\/p>\n<p>ca. 1.500 m3 keilgezinkte Lagerware prompt \/ Standardplatten ca. 4 Wochen \/ Sonderformate und -holzarten: ca. 5-6 Wochen<\/p>\n<p>{gotop}<\/p>\n<\/div>\n<div style=\"width:316px;float:right;\">\n<p><img decoding=\"async\" src=\"images\/treppenbauplatten_kgz.jpg\" border=\"0\" alt=\"LARBON Treppenbauplatten Massivholz kgz\" \/><\/p>\n<p><img decoding=\"async\" src=\"images\/larbon_lkw.jpg\" border=\"0\" alt=\"LARBON Treppenplatten Massivholz\" \/><\/p>\n<p><img decoding=\"async\" src=\"images\/larbon_platten.jpg\" border=\"0\" alt=\"LARBON Treppenplatten Massivholz\" \/><\/p>\n<p><img decoding=\"async\" src=\"images\/larbon_platte.jpg\" border=\"0\" alt=\"LARBON Treppenplatten Massivholz\" \/><\/p>\n<p><img decoding=\"async\" src=\"images\/larbon_stapel.jpg\" border=\"0\" alt=\"LARBON Treppenplatten Massivholz\" \/><\/p>\n<p><img decoding=\"async\" src=\"images\/larbon_stapel_gross.jpg\" border=\"0\" alt=\"LARBON Treppenplatten Massivholz\" \/><\/p>\n<\/div>\n<\/div>","protected":false},"excerpt":{"rendered":"<p>LARBON Treppenbauplatten (Treppenstufenplatten) keilgezinkt &nbsp; Der Vorteil von keilgezinkten Treppenplatten liegt im vergleichsweise g\u00fcnstigen Preis, da das Schnittholz bestm\u00f6glich ausgenutzt werden kann (ca. 50%). Durch das Verleimen von in der L\u00e4nge keilgezinkten Lamellen k\u00f6nnen homogene gro\u00dffl\u00e4chige Platten bis zu Abmessungen von L\u00e4nge 6000mm x Breite 1250mm gefertigt werden. Ausf\u00fchrungstypen Treppenbauplatten keilgezinkt: - keilgezinkte Lamellen mit [&hellip;]<\/p>","protected":false},"author":1,"featured_media":0,"parent":0,"menu_order":75,"comment_status":"closed","ping_status":"closed","template":"","meta":{"footnotes":""},"class_list":["post-18","page","type-page","status-publish","hentry"],"_links":{"self":[{"href":"https:\/\/www.euroforest.de\/en\/wp-json\/wp\/v2\/pages\/18","targetHints":{"allow":["GET"]}}],"collection":[{"href":"https:\/\/www.euroforest.de\/en\/wp-json\/wp\/v2\/pages"}],"about":[{"href":"https:\/\/www.euroforest.de\/en\/wp-json\/wp\/v2\/types\/page"}],"author":[{"embeddable":true,"href":"https:\/\/www.euroforest.de\/en\/wp-json\/wp\/v2\/users\/1"}],"replies":[{"embeddable":true,"href":"https:\/\/www.euroforest.de\/en\/wp-json\/wp\/v2\/comments?post=18"}],"version-history":[{"count":0,"href":"https:\/\/www.euroforest.de\/en\/wp-json\/wp\/v2\/pages\/18\/revisions"}],"wp:attachment":[{"href":"https:\/\/www.euroforest.de\/en\/wp-json\/wp\/v2\/media?parent=18"}],"curies":[{"name":"wp","href":"https:\/\/api.w.org\/{rel}","templated":true}]}}