{"id":22,"date":"2013-03-03T22:13:03","date_gmt":"2013-03-03T21:13:03","guid":{"rendered":"https:\/\/www.euroforest.de\/arbeitsplatten\/"},"modified":"2013-03-03T22:13:03","modified_gmt":"2013-03-03T21:13:03","slug":"kitchen-worktops","status":"publish","type":"page","link":"https:\/\/www.euroforest.de\/en\/kitchen-worktops\/","title":{"rendered":"Kitchen worktops"},"content":{"rendered":"<div style=\"height:2200px\">\n<div style=\"width:460px;padding-left:15px;padding-top:15px;float:left;\">\n<h1><img decoding=\"async\" src=\"images\/blatt.gif\" border=\"0\" alt=\"LARBON Logo\" \/>LARBON K\u00fcchenarbeitsplatten - Arbeitsplatten aus Massivholz<\/h1>\n<p>&nbsp;<\/p>\n<p>- K\u00fcchenarbeitsplatten aus massivem Laubholz haben einen zeitlosen Charme und werten jede K\u00fcche auf<\/p>\n<p>- Laubholzarten verf\u00fcgen \u00fcber antibakterielle Eigenschaften und eignen sich daher ideal f\u00fcr K\u00fcchenplatten und Schneidbretter<\/p>\n<p>- Massivholzplatten \/ Leimholzplatten sind hochwertige Naturprodukte mit langer Lebensdauer und nat\u00fcrlicher, unverwechselbarer Sch\u00f6nheit<\/p>\n<p>- Holz ist ein Naturprodukt, das bei regelm\u00e4\u00dfiger Pflege im Laufe der Jahre immer sch\u00f6ner wird<\/p>\n<p>- Massivholz l\u00e4sst sich reparieren, auf- oder umarbeiten<\/p>\n<p>- die langfristige Verwendung von Massivholz ist aktiver Umweltschutz durch die Entnahme und langfristige Bindung von CO2<\/p>\n<p><\/p>\n<p style=\"color:#c63;font-weight:bold\">Einheimische Holzarten:<\/p>\n<p>Buche natur (unged\u00e4mpft)<br \/>\nBuche leicht ged\u00e4mpft<br \/>\nBuche Rotkern (Kernbuche)<br \/>\nEurop. Eiche<br \/>\nEurop. Wildeiche (Rustikal)<br \/>\nEurop. Asteiche<br \/>\nR\u00e4uchereiche<br \/>\nRoteiche<br \/>\nEurop. Ahorn<br \/>\nEsche<br \/>\nEsche Braunkern<br \/>\nKirsche natur<br \/>\nKirsche ged\u00e4mpft<br \/>\nRobinie ged\u00e4mpft (\"Akazie\")<br \/>\nBirke<br \/>\nBirnbaum<br \/>\nEurop. Nu\u00dfbaum (Juglans regia)<br \/>\nEurop. Schwarznu\u00df (Juglans nigra)<br \/>\nAmerik. Nussbaum (Black Walnut \/ Schwarznuss \/ Ami Nuss)<br \/>\nUlme (R\u00fcster)<\/p>\n<p style=\"color:#c63;font-weight:bold\">Asiatische Holzarten:<\/p>\n<p>Bambus (natur und ged\u00e4mpft)<br \/>\nAkazie (Acacia mangium, auch ge\u00f6lt)<br \/>\nRubberwood (Hevea)<\/p>\n<p style=\"color:#c63;font-weight:bold\">Afrikanische Holzarten (keilgezinkt kgz):<\/p>\n<p>Iroko (Kambala, Odum)<br \/>\nSapelli \/ Sapeli<br \/>\nSipo (Utile)<br \/>\nAcajou (Khaja)<br \/>\nBubinga<br \/>\nDibetou (Lovoa, African Black Walnut)<br \/>\nAmazakou\u00e9 (Ovengkol, Black Hyedua)<br \/>\nPadouk (Barwood) kgz<br \/>\nWenge<br \/>\nZebrano<br \/>\nLimba Schwarzkern<br \/>\nTiama (Edinam Mahagoni)<br \/>\nKoto<\/p>\n<p>{gotop}<\/p>\n<p style=\"color:#c63;font-weight:bold\">Ausf\u00fchrungstypen K\u00fcchenarbeitsplatten aus Massivholz:<\/p>\n<p>keilgezinkte Lamellen,<br \/>\nStandard Lamellenbreite ca. 39-42mm fix, Lamellenbreite \"Fineline\" ca. 20mm,<br \/>\nLamellenl\u00e4ngen ca. 250-450mm, Holzfeuchte 8+\/-2%,<br \/>\nD3 oder D4 nach DIN\/EN 204 verleimt, geschliffen Korn 100,<br \/>\nscharfkantig, beide Enden rechtwinklig gekappt, jede Platte einzeln foliert<\/p>\n<p style=\"color:#c63;font-weight:bold\">Bearbeitung:<\/p>\n<p>Rundkanten, Rundungen oder Fasen auf Wunsch m\u00f6glich, Freiformen auf CNC m\u00f6glich<\/p>\n<p style=\"color:#c63;font-weight:bold\">Qualit\u00e4t Arbeitsplatten:<\/p>\n<p>Oberseite: sauber ohne Rotkern, Eiche ohne Splint, astfrei, nach einheitlicher Farbe und Struktur sortiert<br \/>\nUnterseite: Buche vereinzelt Rotkern erlaubt, naturbunt, nat\u00fcrliche Farbdifferenzen erlaubt, Eiche mit kleinem Splintanteil, kleine geschlossene Punkt\u00e4ste erlaubt<\/p>\n<p style=\"color:#c63;font-weight:bold\">Abmessungen:<\/p>\n<p>St\u00e4rken 26, 27, 38, 40, 45 mm x max. L\u00e4nge 5000 mm x max. Breite 1250 mm<\/p>\n<p style=\"color:#c63;font-weight:bold\">Standardabmessungen Arbeitsplatten am Lager:<\/p>\n<p>40x5000x650mm keilgezinkt<br \/>\n40x4100x650mm keilgezinkt<br \/>\n40x3050x650mm keilgezinkt<br \/>\n40x3050x900mm keilgezinkt<br \/>\n40x2000\/2500\/3000x650mm Eiche durchgehende Lamellen<\/p>\n<p style=\"color:#c63;font-weight:bold\">Lieferzeiten:<\/p>\n<p>Lagerware prompt \/ Standardplatten ca. 2-3 Wochen \/ Sonderformate und -holzarten: ca. 4-5 Wochen<\/p>\n<p>\n{gotop}<\/p>\n<\/div>\n<div style=\"width:316px;float:right;\">\n<p><img decoding=\"async\" src=\"images\/larbon_kap2.jpg\" border=\"0\" alt=\"LARBON Arbeitsplatten Massivholz Nussbaum\" \/><\/p>\n<p>  <img decoding=\"async\" src=\"images\/eiche_dl.jpg\" border=\"0\" alt=\"LARBON K\u00fcchenarbeitsplatte Massivholz Eiche\" \/><\/p>\n<p>  <img decoding=\"async\" src=\"images\/raeuchereiche_kgz.jpg\" border=\"0\" alt=\"LARBON K\u00fcchenarbeitsplatte Massivholz R\u00e4uchereiche\" \/><\/p>\n<p>  <img decoding=\"async\" src=\"images\/birnbaum_kgz.jpg\" border=\"0\" alt=\"LARBON K\u00fcchenarbeitsplatte Massivholz Birnbaum\" \/><\/p>\n<p>  <img decoding=\"async\" src=\"images\/buche_kgz.jpg\" border=\"0\" alt=\"LARBON K\u00fcchenarbeitsplatte Massivholz Buche\" \/><\/p>\n<p><img decoding=\"async\" src=\"images\/birke_kgz.jpg\" border=\"0\" alt=\"LARBON K\u00fcchenarbeitsplatte Massivholz Birke\" \/><\/p>\n<p>  <img decoding=\"async\" src=\"images\/schwarznuss_kgz.jpg\" border=\"0\" alt=\"LARBON K\u00fcchenarbeitsplatte Massivholz Black Walnut\" \/><\/p>\n<p>  <img decoding=\"async\" src=\"images\/wildeiche_kgz.jpg\" border=\"0\" alt=\"LARBON K\u00fcchenarbeitsplatte Massivholz Wildeiche Eiche rustikal\" \/><\/p>\n<p>  <img decoding=\"async\" src=\"images\/ulme_kgz.jpg\" border=\"0\" alt=\"LARBON K\u00fcchenarbeitsplatte Massivholz Ulme\" \/><\/p>\n<\/div>\n<\/div>","protected":false},"excerpt":{"rendered":"<p>LARBON K\u00fcchenarbeitsplatten - Arbeitsplatten aus Massivholz &nbsp; - K\u00fcchenarbeitsplatten aus massivem Laubholz haben einen zeitlosen Charme und werten jede K\u00fcche auf - Laubholzarten verf\u00fcgen \u00fcber antibakterielle Eigenschaften und eignen sich daher ideal f\u00fcr K\u00fcchenplatten und Schneidbretter - Massivholzplatten \/ Leimholzplatten sind hochwertige Naturprodukte mit langer Lebensdauer und nat\u00fcrlicher, unverwechselbarer Sch\u00f6nheit - Holz ist ein Naturprodukt, [&hellip;]<\/p>","protected":false},"author":1,"featured_media":0,"parent":0,"menu_order":71,"comment_status":"closed","ping_status":"closed","template":"","meta":{"footnotes":""},"class_list":["post-22","page","type-page","status-publish","hentry"],"_links":{"self":[{"href":"https:\/\/www.euroforest.de\/en\/wp-json\/wp\/v2\/pages\/22","targetHints":{"allow":["GET"]}}],"collection":[{"href":"https:\/\/www.euroforest.de\/en\/wp-json\/wp\/v2\/pages"}],"about":[{"href":"https:\/\/www.euroforest.de\/en\/wp-json\/wp\/v2\/types\/page"}],"author":[{"embeddable":true,"href":"https:\/\/www.euroforest.de\/en\/wp-json\/wp\/v2\/users\/1"}],"replies":[{"embeddable":true,"href":"https:\/\/www.euroforest.de\/en\/wp-json\/wp\/v2\/comments?post=22"}],"version-history":[{"count":0,"href":"https:\/\/www.euroforest.de\/en\/wp-json\/wp\/v2\/pages\/22\/revisions"}],"wp:attachment":[{"href":"https:\/\/www.euroforest.de\/en\/wp-json\/wp\/v2\/media?parent=22"}],"curies":[{"name":"wp","href":"https:\/\/api.w.org\/{rel}","templated":true}]}}