{"id":4,"date":"2013-02-21T17:41:04","date_gmt":"2013-02-21T16:41:04","guid":{"rendered":"https:\/\/www.euroforest.de\/info\/"},"modified":"2013-02-21T17:41:04","modified_gmt":"2013-02-21T16:41:04","slug":"info","status":"publish","type":"page","link":"https:\/\/www.euroforest.de\/en\/info\/","title":{"rendered":"Info"},"content":{"rendered":"<div style=\"height:1300px\">\n<div style=\"padding:15px;\">\n<p><strong><img decoding=\"async\" src=\"images\/blatt.gif\" border=\"0\" alt=\"LARBON Logo\" \/>Downloads<\/strong><\/p>\n<p>&nbsp;<\/p>\n<p>Unsere Imagebrosch&uuml;re f\u00fcr Sie als PDF-Download:<\/p>\n<p>  <a href=\"\/en\/images\/imagebroschuere_euroforest.pdf\/\" target=\"_blank\" title=\"EFP Euroforest Products GmbH Imagebrosch&uuml;re PDF\" style=\"font-size:14px\" rel=\"noopener\"><u>EFP Euroforest Products GmbH Imagebrosch&uuml;re als PDF<\/u><\/a><\/p>\n<p>&nbsp;<\/p>\n<div style=\"margin-right: -15px; float: right;\"><img decoding=\"async\" src=\"images\/larbon_stifte.jpg\" border=\"0\" alt=\"Euroforest Info\" \/><\/div>\n<p>&nbsp;<\/p>\n<p><strong><img decoding=\"async\" src=\"images\/blatt.gif\" border=\"0\" alt=\"LARBON Logo\" \/>Videos<\/strong><\/p>\n<p>&nbsp;<\/p>\n<p>Besuchen Sie unsere moderne Massivholzplatten-Produktion und gewinnen Sie einen Eindruck von den aufwendigen Herstellungsprozessen:<\/p>\n<p>- Einschnitt im S\u00e4gewerk<br \/>\n- D\u00e4mpfen des frischen Schnittholzes<br \/>\n- Trocknen des Schnittholzes<br \/>\n- Zuschnitt des Schnittholzes<br \/>\n- Qualit\u00e4tsoptimierung und Kappen der Kanteln<br \/>\n- Vorhobeln der Kanteln<br \/>\n- Sortieren in Qualit\u00e4ten<br \/>\n- Keilzinkung<br \/>\n- in L\u00e4nge Verpressen zu Lamellen<br \/>\n- Hobeln der Lamellen<br \/>\n- in Breite Verpressen zu Platten<br \/>\n- Schleifen der Platten<br \/>\n- Formatieren der Platten<br \/>\n- Paketieren und Verpacken<\/p>\n<p><a class=\"video\" title=\"Video Massivholzplatten Produktion\" href=\"http:\/\/de.youtube.com\/watch?v=0c4X_SJs36w\" target=\"_blank\" style=\"text-decoration:underline\" rel=\"noopener\">Video Massivholzplatten Produktion (YouTube)<\/a><\/p>\n<p>&nbsp;<\/p>\n<p>&nbsp;<\/p>\n<p><strong><img decoding=\"async\" src=\"images\/blatt.gif\" border=\"0\" alt=\"LARBON Logo\" \/>Link-Empfehlungen<\/strong><\/p>\n<p>&nbsp;<\/p>\n<p>- Hochwertige <b>K\u00fcchenarbeitsplatten \/ Leimholzplatten<\/b> aus Massivholz zu Gro\u00dfhandelspreisen aus einheimischen FSC-Laubh\u00f6lzern<br \/>k\u00f6nnen Sie unter <a style=\"color:#396c5b;text-decoration:underline;font-size:12px;font-weight:bold\" href=\"http:\/\/www.arbeitsplatten-shop.de\" target=\"_blank\" rel=\"noopener\">www.arbeitsplatten-shop.de<\/a> einsehen und bestellen.<\/p>\n<p><\/p>\n<p>- Hochwertige <b>Deko-Artikel aus massivem Mangoholz<\/b> k\u00f6nnen Sie unter <a style=\"color:#396c5b;text-decoration:underline;font-size:12px;font-weight:bold\" href=\"http:\/\/www.home-design-shop.de\" target=\"_blank\" rel=\"noopener\">www.home-design-shop.de<\/a><br \/>entdecken und bestellen.<\/p>\n<p><img decoding=\"async\" src=\"images\/mamua_link.jpg\" border=\"0\" alt=\"mamua\" \/><\/p>\n<p>&nbsp;<\/p>\n<\/div>\n<\/div>","protected":false},"excerpt":{"rendered":"<p>Downloads &nbsp; Unsere Imagebrosch&uuml;re f\u00fcr Sie als PDF-Download: EFP Euroforest Products GmbH Imagebrosch&uuml;re als PDF &nbsp; &nbsp; Videos &nbsp; Besuchen Sie unsere moderne Massivholzplatten-Produktion und gewinnen Sie einen Eindruck von den aufwendigen Herstellungsprozessen: - Einschnitt im S\u00e4gewerk - D\u00e4mpfen des frischen Schnittholzes - Trocknen des Schnittholzes - Zuschnitt des Schnittholzes - Qualit\u00e4tsoptimierung und Kappen der [&hellip;]<\/p>","protected":false},"author":1,"featured_media":0,"parent":0,"menu_order":89,"comment_status":"closed","ping_status":"closed","template":"","meta":{"footnotes":""},"class_list":["post-4","page","type-page","status-publish","hentry"],"_links":{"self":[{"href":"https:\/\/www.euroforest.de\/en\/wp-json\/wp\/v2\/pages\/4","targetHints":{"allow":["GET"]}}],"collection":[{"href":"https:\/\/www.euroforest.de\/en\/wp-json\/wp\/v2\/pages"}],"about":[{"href":"https:\/\/www.euroforest.de\/en\/wp-json\/wp\/v2\/types\/page"}],"author":[{"embeddable":true,"href":"https:\/\/www.euroforest.de\/en\/wp-json\/wp\/v2\/users\/1"}],"replies":[{"embeddable":true,"href":"https:\/\/www.euroforest.de\/en\/wp-json\/wp\/v2\/comments?post=4"}],"version-history":[{"count":0,"href":"https:\/\/www.euroforest.de\/en\/wp-json\/wp\/v2\/pages\/4\/revisions"}],"wp:attachment":[{"href":"https:\/\/www.euroforest.de\/en\/wp-json\/wp\/v2\/media?parent=4"}],"curies":[{"name":"wp","href":"https:\/\/api.w.org\/{rel}","templated":true}]}}