{"id":87,"date":"2015-10-21T12:34:19","date_gmt":"2015-10-21T10:34:19","guid":{"rendered":"https:\/\/www.euroforest.de\/leistungserklaerung\/"},"modified":"2015-10-21T12:34:19","modified_gmt":"2015-10-21T10:34:19","slug":"declaration-of-performance","status":"publish","type":"page","link":"https:\/\/www.euroforest.de\/en\/declaration-of-performance\/","title":{"rendered":"Declaration of performance"},"content":{"rendered":"<div style=\"padding-left:15px;padding-top:15px;\">\n<p><strong><img decoding=\"async\" src=\"images\/blatt.gif\" border=\"0\" alt=\"LARBON Logo\" \/>CE-Kennzeichnung<\/strong><\/p>\n<p>&nbsp;<\/p>\n<p style=\"text-align: left;\">Gem\u00e4\u00df der europ\u00e4ischen Bauproduktenverordnung (Verordnung EU 305\/2011) m\u00fcssen Massivholzplatten, wenn sie als Bauprodukte in Verkehr gebracht werden, mit dem CE Kennzeichen versehen werden. EN 13986 bildet die normative Grundlage f\u00fcr die CE Kennzeichnung.<\/p>\n<p><a href=\"\/en\/images\/CE-Leistungserklrung-LARBON-Massivholzplatten-10-2019.pdf\/\" target=\"_blank\" title=\"LARBON Massivholzplatten \/ Leimholzplatten\" style=\"font-size:14px\" rel=\"noopener\"><u>CE Leistungserkl\u00e4rung LARBON Massivholzplatten (PDF)<\/u><\/a><\/p>\n<p>&nbsp;<\/p>\n<p style=\"text-align: left;\">\n<img decoding=\"async\" src=\"images\/euroforest_truck_efp_2.jpg\" border=\"0\" alt=\"LKW Transport bei Euroforest\" \/><\/p>\n<p>&nbsp;<\/p>\n<\/div>\n<p><\/p>","protected":false},"excerpt":{"rendered":"<p>CE-Kennzeichnung &nbsp; Gem\u00e4\u00df der europ\u00e4ischen Bauproduktenverordnung (Verordnung EU 305\/2011) m\u00fcssen Massivholzplatten, wenn sie als Bauprodukte in Verkehr gebracht werden, mit dem CE Kennzeichen versehen werden. EN 13986 bildet die normative Grundlage f\u00fcr die CE Kennzeichnung. CE Leistungserkl\u00e4rung LARBON Massivholzplatten (PDF) &nbsp; &nbsp;<\/p>","protected":false},"author":1,"featured_media":0,"parent":0,"menu_order":6,"comment_status":"closed","ping_status":"closed","template":"","meta":{"footnotes":""},"class_list":["post-87","page","type-page","status-publish","hentry"],"_links":{"self":[{"href":"https:\/\/www.euroforest.de\/en\/wp-json\/wp\/v2\/pages\/87","targetHints":{"allow":["GET"]}}],"collection":[{"href":"https:\/\/www.euroforest.de\/en\/wp-json\/wp\/v2\/pages"}],"about":[{"href":"https:\/\/www.euroforest.de\/en\/wp-json\/wp\/v2\/types\/page"}],"author":[{"embeddable":true,"href":"https:\/\/www.euroforest.de\/en\/wp-json\/wp\/v2\/users\/1"}],"replies":[{"embeddable":true,"href":"https:\/\/www.euroforest.de\/en\/wp-json\/wp\/v2\/comments?post=87"}],"version-history":[{"count":0,"href":"https:\/\/www.euroforest.de\/en\/wp-json\/wp\/v2\/pages\/87\/revisions"}],"wp:attachment":[{"href":"https:\/\/www.euroforest.de\/en\/wp-json\/wp\/v2\/media?parent=87"}],"curies":[{"name":"wp","href":"https:\/\/api.w.org\/{rel}","templated":true}]}}