{"id":88,"date":"2015-10-21T12:34:19","date_gmt":"2015-10-21T10:34:19","guid":{"rendered":"https:\/\/www.euroforest.de\/wawi\/"},"modified":"2015-10-21T12:34:19","modified_gmt":"2015-10-21T10:34:19","slug":"erp","status":"publish","type":"page","link":"https:\/\/www.euroforest.de\/en\/erp\/","title":{"rendered":"Connection to ERP"},"content":{"rendered":"<div style=\"padding-left:15px;padding-top:15px;\">\n<p><strong><img decoding=\"async\" src=\"images\/blatt.gif\" border=\"0\" alt=\"LARBON Logo\" \/>Connection to ERP<\/strong><\/p>\n<p>&nbsp;<\/p>\n<p style=\"text-align: left;\"><b>Nutzen Sie unsere Schnittstelle an Ihre Warenwirtschaft<\/b><\/p>\n<p style=\"text-align: left;\">\"Menschen kaufen bei Menschen\" - auch zuk\u00fcnftig bleiben zwischenmenschliche Beziehungen die Basis guter Gesch\u00e4fte.<\/p>\n<p style=\"text-align: left;\">Doch die in Zukunft immer knapper werdenden Kapazit\u00e4ten qualifizierter Mitarbeiter sollten nicht f\u00fcr Aufgaben verschwendet werden, die digital erledigt werden k\u00f6nnen. Wir m\u00f6chten Ihnen unseren digitalen Service anbieten, der die t\u00e4glichen Prozessabl\u00e4ufe durch Anbindung und Datenaustausch erleichtert:\n<\/p>\n<p style=\"text-align: left;\">1.) Alle unsere Lagerartikel haben einen EAN-Code (Grundlage f\u00fcr B2B-Plattformen)<br \/>\n2.) Unseren kompletten Artikelstamm inkl. Langtexte, aktueller Best\u00e4nde und Ihre Preise k\u00f6nnen wir gerne zur Verf\u00fcgung stellen.<\/p>\n<p>&nbsp;<\/p>\n<p style=\"text-align: left;\">Nutzen Sie eine CSV oder XML-Anbindung von unserem System in Ihr System, um stets aktuell unsere derzeit 1300 Lagerartikel (Kernsortiment) auch Ihren Kunden anbieten zu k\u00f6nnen.<\/p>\n<p><a href=\"\/en\/images\/Beschreibung Sage Schnittstelle EFP.pdf\/\" target=\"_blank\" title=\"Euroforest Warenwirtschaft Schnittstelle Sage\" style=\"font-size:14px\" rel=\"noopener\"><u>N\u00e4heres hier in unserem PDF \u00fcber die M\u00f6glichkeiten der Schnittstelle<\/u><\/a><\/p>\n<p>&nbsp;<\/p>\n<p style=\"text-align: left;\">Hierzu kann sich Ihre IT einfach an Frau Bianca.Wolfschmidt@euroforest.de bzw. Tel. 09529-9221-24 wenden.<\/p>\n<p>&nbsp;<\/p>\n<p style=\"text-align: left;\">\n<img decoding=\"async\" src=\"images\/datenaustausch.jpg\" border=\"0\" alt=\"Anbindung an Warenwirtschaft bei Euroforest\" \/><\/p>\n<p>&nbsp;<\/p>\n<p>&nbsp;<\/p>\n<p>&nbsp;<\/p>\n<p>&nbsp;<\/p>\n<p>&nbsp;<\/p>\n<p>&nbsp;<\/p>\n<\/div>\n<p><\/p>","protected":false},"excerpt":{"rendered":"<p>Anbindung Warenwirtschaft &nbsp; Nutzen Sie unsere Schnittstelle an Ihre Warenwirtschaft \"Menschen kaufen bei Menschen\" - auch zuk\u00fcnftig bleiben zwischenmenschliche Beziehungen die Basis guter Gesch\u00e4fte. Doch die in Zukunft immer knapper werdenden Kapazit\u00e4ten qualifizierter Mitarbeiter sollten nicht f\u00fcr Aufgaben verschwendet werden, die digital erledigt werden k\u00f6nnen. Wir m\u00f6chten Ihnen unseren digitalen Service anbieten, der die t\u00e4glichen [&hellip;]<\/p>","protected":false},"author":1,"featured_media":0,"parent":0,"menu_order":5,"comment_status":"closed","ping_status":"closed","template":"","meta":{"footnotes":""},"class_list":["post-88","page","type-page","status-publish","hentry"],"_links":{"self":[{"href":"https:\/\/www.euroforest.de\/en\/wp-json\/wp\/v2\/pages\/88","targetHints":{"allow":["GET"]}}],"collection":[{"href":"https:\/\/www.euroforest.de\/en\/wp-json\/wp\/v2\/pages"}],"about":[{"href":"https:\/\/www.euroforest.de\/en\/wp-json\/wp\/v2\/types\/page"}],"author":[{"embeddable":true,"href":"https:\/\/www.euroforest.de\/en\/wp-json\/wp\/v2\/users\/1"}],"replies":[{"embeddable":true,"href":"https:\/\/www.euroforest.de\/en\/wp-json\/wp\/v2\/comments?post=88"}],"version-history":[{"count":0,"href":"https:\/\/www.euroforest.de\/en\/wp-json\/wp\/v2\/pages\/88\/revisions"}],"wp:attachment":[{"href":"https:\/\/www.euroforest.de\/en\/wp-json\/wp\/v2\/media?parent=88"}],"curies":[{"name":"wp","href":"https:\/\/api.w.org\/{rel}","templated":true}]}}