{"id":9,"date":"2013-03-03T22:07:22","date_gmt":"2013-03-03T21:07:22","guid":{"rendered":"https:\/\/www.euroforest.de\/idee\/"},"modified":"2026-01-29T00:02:10","modified_gmt":"2026-01-28T23:02:10","slug":"our-company-2","status":"publish","type":"page","link":"https:\/\/www.euroforest.de\/en\/our-company-2\/","title":{"rendered":"Our Company"},"content":{"rendered":"<div style=\"height: 1000px; font-size: 14px;\">\n<div style=\"width: 435px; padding-left: 15px; padding-top: 15px; padding-right: 25px; float: left;\">\n<p><strong><img decoding=\"async\" src=\"images\/blatt.gif\" alt=\"LARBON Logo\" border=\"0\" \/>Our company, our idea<\/strong><\/p>\n<p>Die EFP Euroforest Products GmbH in Oberaurach-Unterschleichach ist ein mittelst\u00e4ndisches Unternehmen mit 25 Mitarbeitern, das sich der Entwicklung, Lagerhaltung und dem Vertrieb von <b>Massivholzplatten aus Laubholz<\/b> verschrieben hat. Unsere 25 spezialisierten und erfahrenen Mitarbeiter arbeiten stetig und erfolgreich an einem hochwertigen Lagersortiment und an einer fachlich fundierten Beratung mit zuverl\u00e4ssiger Logistik.<\/p>\n<p>Das gro\u00dfe Zwischenlager mit \u00fcber 40.000 St\u00fcck Massivholzplatten (ca. 3.500m\u00b3) bedeutet Flexibilit\u00e4t und Geschwindigkeit, die nicht nur unseren direkten Kunden, dem Fachhandel, sondern auch den Endverbrauchern zugutekommt.<\/p>\n<p>Unsere LARBON\u00ae Massivholzplatten kommen ausschlie\u00dflich aus regelm\u00e4\u00dfig gepr\u00fcften und bew\u00e4hrten europ\u00e4ischen Produktionen, die seit Jahren weitestgehend exklusiv f\u00fcr Euroforest fertigen.<\/p>\n<p>Unter der Gesch\u00e4ftsf\u00fchrung von Dipl.-Holzwirt Daniel Kreyer wurden 2001 die leistungsstarken D\u00e4mpf- und Trockenkammern sowie die Zuschnitt- und Lagerkapazit\u00e4ten der vormaligen Raab oHG erworben, ehemals Produzent massiver Laubholzplatten.<\/p>\n<p>Seitdem hat sich Euroforest eine in Europa f\u00fchrende Marktposition als Schnittholz-Dienstleister und lagerhaltender Importeur, Spezialist und Sortimenter f\u00fcr ein- und dreischichtige Laubholzplatten erarbeitet. Der eigene Wunsch, dem Holzhandel ein fairer und verl\u00e4sslicher Partner zu sein, steht dabei stets im Vordergrund.<\/p>\n<p>Unsere aktuelle Imagebrosch\u00fcre zum Download:<\/p>\n<p><a style=\"font-size: 14px;\" title=\"EFP Euroforest Products GmbH Imagebrosch\u00fcre PDF\" href=\"\/en\/images\/imagebroschuere_euroforest.pdf\/\" target=\"_blank\" rel=\"noopener\"><u>EFP Euroforest Products GmbH Imagebrosch\u00fcre als PDF<\/u><\/a><\/p>\n<\/div>\n<div style=\"width: 316px; float: right;\"><img decoding=\"async\" src=\"images\/luftbild_euroforest_2005.jpg\" alt=\"EFP Euroforest GmbH\" border=\"0\" \/><img decoding=\"async\" src=\"images\/daniel_kreyer_buero.jpg\" alt=\"EFP Euroforest GmbH - Daniel Kreyer\" border=\"0\" \/><\/p>\n<p><img decoding=\"async\" src=\"images\/halle_stapler1.jpg\" alt=\"Lager Massivholzplatten Euroforest\" border=\"0\" \/><\/p>\n<\/div>\n<\/div>","protected":false},"excerpt":{"rendered":"<p>Unser Unternehmen, unsere Idee Die EFP Euroforest Products GmbH in Oberaurach-Unterschleichach ist ein mittelst\u00e4ndisches Unternehmen mit 25 Mitarbeitern, das sich der Entwicklung, Lagerhaltung und dem Vertrieb von Massivholzplatten aus Laubholz verschrieben hat. Unsere 25 spezialisierten und erfahrenen Mitarbeiter arbeiten stetig und erfolgreich an einem hochwertigen Lagersortiment und an einer fachlich fundierten Beratung mit zuverl\u00e4ssiger Logistik. [&hellip;]<\/p>","protected":false},"author":1,"featured_media":0,"parent":0,"menu_order":84,"comment_status":"closed","ping_status":"closed","template":"","meta":{"footnotes":""},"class_list":["post-9","page","type-page","status-publish","hentry"],"_links":{"self":[{"href":"https:\/\/www.euroforest.de\/en\/wp-json\/wp\/v2\/pages\/9","targetHints":{"allow":["GET"]}}],"collection":[{"href":"https:\/\/www.euroforest.de\/en\/wp-json\/wp\/v2\/pages"}],"about":[{"href":"https:\/\/www.euroforest.de\/en\/wp-json\/wp\/v2\/types\/page"}],"author":[{"embeddable":true,"href":"https:\/\/www.euroforest.de\/en\/wp-json\/wp\/v2\/users\/1"}],"replies":[{"embeddable":true,"href":"https:\/\/www.euroforest.de\/en\/wp-json\/wp\/v2\/comments?post=9"}],"version-history":[{"count":1,"href":"https:\/\/www.euroforest.de\/en\/wp-json\/wp\/v2\/pages\/9\/revisions"}],"predecessor-version":[{"id":513,"href":"https:\/\/www.euroforest.de\/en\/wp-json\/wp\/v2\/pages\/9\/revisions\/513"}],"wp:attachment":[{"href":"https:\/\/www.euroforest.de\/en\/wp-json\/wp\/v2\/media?parent=9"}],"curies":[{"name":"wp","href":"https:\/\/api.w.org\/{rel}","templated":true}]}}