{"id":10,"date":"2013-03-03T22:07:39","date_gmt":"2013-03-03T21:07:39","guid":{"rendered":"https:\/\/www.euroforest.de\/standort\/"},"modified":"2013-03-03T22:07:39","modified_gmt":"2013-03-03T21:07:39","slug":"standort","status":"publish","type":"page","link":"https:\/\/www.euroforest.de\/ru\/standort\/","title":{"rendered":"Standort"},"content":{"rendered":"<div style=\"height:1000px;font-size:14px;\">\n<div style=\"width:435px;padding-left:15px;padding-top:15px;padding-right:25px;float:left;\">\n<p><strong><img decoding=\"async\" src=\"images\/blatt.gif\" border=\"0\" alt=\"LARBON Logo\" \/>Standort Steigerwald<\/strong><\/p>\n<p>&nbsp;<\/p>\n<p><b>Lage:<\/b><\/p>\n<p>Unser Holzwerk liegt im Herzen Deutschlands und hat mit der unmittelbaren N\u00e4he zur Autobahn A70 (Schweinfurt - Bamberg) in 6 Km Entfernung eine ideale Anbindung an die Fernstra\u00dfen. Die Versorgung des Werks mit dem Rohstoff Holz aus der nahen und weiteren Umgebung stellt kein logistisches Problem dar. Mit der Bahnanbindung an die Nord-S\u00fcd-Schiene stellt auch der Export mit Containern auf der Bahn in die deutschen oder europ\u00e4ischen Nordkontinenth\u00e4fen eine kosteng\u00fcnstige Transportm\u00f6glichkeit dar. Von Vorteil ist au\u00dferdem, dass in der Region eine Vielzahl von Laubholzs\u00e4gewerken, darunter mehrere der bundesweit bedeutendsten S\u00e4gewerke, seit Generationen angesiedelt sind.<\/p>\n<p><\/p>\n<p><b>Betriebsst\u00e4tte:<\/b><\/p>\n<p>Das Werk liegt auf einer L\u00e4nge von rund 500 Metern an einem Berghang oberhalb einer Landstra\u00dfe. Es ist gem\u00e4\u00df den \u00fcber die Jahre gewachsenen Anforderungen in mehreren Bauabschnitten errichtet und erweitert worden. Die Geb\u00e4ude der B\u00fcrotrakte und Betriebshallen erf\u00fcllen die modernen Erfordernisse f\u00fcr ein Holzwerk mit umfangreichen Kapazit\u00e4ten.<\/p>\n<\/div>\n<div style=\"width:316px;float:right;\">\n<img decoding=\"async\" src=\"images\/buwald.jpg\" border=\"0\" alt=\"Steigerwald\" \/><\/p>\n<p><img decoding=\"async\" src=\"images\/sholz_vor_kammer.jpg\" border=\"0\" alt=\"Trockenkammern Euroforest\" \/><\/p>\n<p><img decoding=\"async\" src=\"images\/stapler_lkw_fern.jpg\" border=\"0\" alt=\"Stapler Euroforest\" \/><\/p>\n<p><img decoding=\"async\" src=\"images\/standort.jpg\" border=\"0\" alt=\"Euroforest Werk\" \/><\/p>\n<\/div>\n<\/div>","protected":false},"excerpt":{"rendered":"<p>Standort Steigerwald &nbsp; Lage: Unser Holzwerk liegt im Herzen Deutschlands und hat mit der unmittelbaren N\u00e4he zur Autobahn A70 (Schweinfurt - Bamberg) in 6 Km Entfernung eine ideale Anbindung an die Fernstra\u00dfen. Die Versorgung des Werks mit dem Rohstoff Holz aus der nahen und weiteren Umgebung stellt kein logistisches Problem dar. Mit der Bahnanbindung an [&hellip;]<\/p>","protected":false},"author":1,"featured_media":0,"parent":0,"menu_order":83,"comment_status":"closed","ping_status":"closed","template":"","meta":{"footnotes":""},"class_list":["post-10","page","type-page","status-publish","hentry"],"_links":{"self":[{"href":"https:\/\/www.euroforest.de\/ru\/wp-json\/wp\/v2\/pages\/10","targetHints":{"allow":["GET"]}}],"collection":[{"href":"https:\/\/www.euroforest.de\/ru\/wp-json\/wp\/v2\/pages"}],"about":[{"href":"https:\/\/www.euroforest.de\/ru\/wp-json\/wp\/v2\/types\/page"}],"author":[{"embeddable":true,"href":"https:\/\/www.euroforest.de\/ru\/wp-json\/wp\/v2\/users\/1"}],"replies":[{"embeddable":true,"href":"https:\/\/www.euroforest.de\/ru\/wp-json\/wp\/v2\/comments?post=10"}],"version-history":[{"count":0,"href":"https:\/\/www.euroforest.de\/ru\/wp-json\/wp\/v2\/pages\/10\/revisions"}],"wp:attachment":[{"href":"https:\/\/www.euroforest.de\/ru\/wp-json\/wp\/v2\/media?parent=10"}],"curies":[{"name":"wp","href":"https:\/\/api.w.org\/{rel}","templated":true}]}}