{"id":11,"date":"2013-03-03T22:08:06","date_gmt":"2013-03-03T21:08:06","guid":{"rendered":"https:\/\/www.euroforest.de\/zertifizierung\/"},"modified":"2013-03-03T22:08:06","modified_gmt":"2013-03-03T21:08:06","slug":"zertifizierung","status":"publish","type":"page","link":"https:\/\/www.euroforest.de\/ru\/zertifizierung\/","title":{"rendered":"Zertifizierung"},"content":{"rendered":"<div style=\"padding:15px;background-color:#fff;\">\n<p>\n  <strong><img decoding=\"async\" src=\"images\/blatt.gif\" border=\"0\" alt=\"LARBON Logo\" \/>Zertifizierung<\/strong><\/p>\n<p>\n  <img loading=\"lazy\" decoding=\"async\" src=\"..\/images\/fsc_logo_neu1.gif\" width=\"110\" height=\"171\" alt=\"FSC Logo\" border=\"0\"><\/p>\n<p><b>Chain of Custody Zertifizierung <\/b><\/p>\n<p>    <a href=\"\/ru\/images\/COC_CRT_EFPEuroforest_0611-2020_GER.pdf\/\" style=\"color: #c63;text-decoration:underline;font-size: 13px;font-weight:bold\" target=\"_blank\" rel=\"noopener\">SCS-Zertifikat anzeigen<\/a><\/p>\n<p>    Seit 20.5.2005 besitzt die Euroforest Products GmbH eine FSC<sup>\u00ae<\/sup> Chain of Custody Zertifizierung (Zertifikatsnummer: SCS-COC-003282). Das Audit umfasste die Kontrolle aller f\u00fcr die Chain of Custody notwendigen Schritte f\u00fcr die Herstellung und den Vertrieb von Produkten aus Schnittholz und Holzwaren. Der Bereich dieses Audits umfasst die folgenden T\u00e4tigkeiten der Euroforest Products GmbH:<br \/>\n\"Einkauf, Verarbeitung und Verkauf von Rundholz, Schnittholz und Holzwaren aus Laubholz\".<\/p>\n<p><span style=\"color:#c63;\">Achten Sie auf unsere FSC\u00ae-zertifizierten Produkte!<\/span><\/p>\n<p>&nbsp;<\/p>\n<p><b>Was heisst \"Chain of Custody\" (CoC)?<\/b><\/p>\n<p>Wegen der internationalen Handelsverflechtungen muss jedes glaubw\u00fcrdige Zertifizierungssystem f\u00fcr Holzprodukte die gesamte Produktkette vom Erzeuger bis zum Verbraucher transparent und nachvollziehbar machen. Diese Produktkette wird \"chain of custody\" (CoC) genannt. Durch eine betriebsbezogene CoC-Zertifizierung wird f\u00fcr den Verbraucher sichergestellt, dass Holz als FSC-zertifiziert nur dann in den Handel gelangt, wenn es aus FSC-zertifizierter Waldbewirtschaftung stammt. Nur so kann m\u00f6glichem Missbrauch ein wirksamer Riegel vorgeschoben werden.<\/p>\n<p><\/p>\n<p><b>'Was macht der FSC?<\/b><\/p>\n<p>Der FSC zielt darauf ab, W\u00e4lder zu erhalten. Dieses Ziel m\u00f6chte er nicht nur durch Unterschutzstellung sondern vor allem durch die F\u00f6rderung einer verantwortungsvollen Waldwirtschaft erreichen. Strenge Kriterien, an denen die Bewirtschaftung der W\u00e4lder ausgerichtet werden soll, dienen dazu, unkontrollierte Abholzung, Verletzung der Menschenrechte und Belastung der Umwelt zu vermeiden.<\/p>\n<p><\/p>\n<p><b>Wie sch\u00fctzt der FSC W\u00e4lder?<\/b><\/p>\n<p>Der FSC hat zehn verbindliche Prinzipien und Kriterien f\u00fcr eine gute Forstwirtschaft festgelegt. Durch eine Bewirtschaftung von Wald unter diesen Rahmenbedingungen wird erreicht, dass die Waldfunktionen erhalten bleiben. In L\u00e4ndern mit nationalen FSC Arbeitsgruppen werden diese Regelungen an nationale Gegebenheiten wie z.B. klimatische und geologische Rahmenbedingungen oder nationale Gesetze angepasst. Seit der Gr\u00fcndung wurden bereits \u00fcber 51 Millionen Hektar weltweit nach den Regeln des FSC zertifiziert. Wo diese Waldfl\u00e4chen liegen, k\u00f6nnen Sie dem Internetauftritt www.certified-forests.org entnehmen.<\/p>\n<p><\/p>\n<p><b>Kontrolle durch unabh\u00e4ngige Dritte.<\/b><\/p>\n<p>Zur Kontrolle, ob die FSC-Prinzipien eingehalten werden, pr\u00fcft der FSC die einzelnen Forstbetriebe nicht selbst, sondern bevollm\u00e4chtigt hierf\u00fcr unabh\u00e4ngige Zertifizierungsorganisationen. Wird die Waldbewirtschaftung regelkonform betrieben, erhalten die Waldbesitzer daf\u00fcr ein Zertifikat. Holz aus FSC-zertifizierten W\u00e4ldern kann danach mit dem FSC- Siegel ausgezeichnet und vermarktet werden. Der FSC selbst \u00fcberpr\u00fcft einmal j\u00e4hrlich die Zertifizierungsorganisationen darauf, ob sie die Arbeit im Sinne des FSC ausf\u00fchren.<\/p>\n<p><\/p>\n<p><b>Wie ist der Weg vom Wald zum FSC-Produkt (FSC-Label)?<\/b><\/p>\n<p>Das Holz aus FSC-zertifizierten W\u00e4ldern wird mit dem FSC-Siegel gekennzeichnet. Produkte mit FSC-Siegel durchlaufen vom Wald bis zum Endverbraucher eine oft lange Kette verschiedener Stufen des Handels und der Verarbeitung, die sogenannte \"Produktkette\" (COC). Zur Verarbeitung von FSC-Holz hat der FSC strenge Regeln verfasst, mit denen sichergestellt wird, dass FSC-Holz immer korrekt durch diesen Verarbeitungsprozess geschleust und nicht unzul\u00e4ssig mit strittigen Quellen (z.B. geklautem Holz) vermischt wird. Verarbeitungsbetriebe m\u00fcssen sich ebenfalls nach den Regeln des FSC zertifizieren lassen. Ihre Warenein- und -ausg\u00e4nge sowie die Produktionsabl\u00e4ufe werden einmal j\u00e4hrlich von Zertifizierern \u00fcberpr\u00fcft. Mit Hilfe dieser Produktkettenzertifizierung hat der Verbraucher die direkte M\u00f6glichkeit, durch den Kauf von FSC-Produkten einen Beitrag zur Verbesserung der W\u00e4lder zu leisten.<\/p>\n<p><\/p>\n<p><b>Welche Anforderungen hat FSC an die Produktkette (Chain-of-custody)?<\/b><\/p>\n<p>Prinzip 1: Dokumentiertes Kontrollsystem.<br \/>\nPrinzip 2: Best\u00e4tigung von Wareneing\u00e4ngen.<br \/>\nPrinzip 3: Trennung und\/oder Kennzeichnung von zertifiziertem und nicht-zertifiziertem Wareneing\u00e4ngen.<br \/>\nPrinzip 4: Sichere Produktkennzeichnung.<br \/>\nPrinzip 5: Identifikation zertifizierter Warenausg\u00e4nge.<br \/>\nPrinzip 6: Buchf\u00fchrung.\n    <\/p>\n<p>&nbsp;<\/p>\n<p>Weiterf\u00fchrende Informationen bietet die Website vom FSC Deutschland:<\/p>\n<p>  <a href=\"http:\/\/www.fsc-deutschland.de\" target=\"_blank\" style=\"text-decoration:underline\" title=\"FSC Deutschland\" rel=\"noopener\">Zur FSC Deutschland Website<\/a><\/p>\n<p>&nbsp;<\/p>\n<\/div>","protected":false},"excerpt":{"rendered":"<p>Zertifizierung Chain of Custody Zertifizierung SCS-Zertifikat anzeigen Seit 20.5.2005 besitzt die Euroforest Products GmbH eine FSC\u00ae Chain of Custody Zertifizierung (Zertifikatsnummer: SCS-COC-003282). Das Audit umfasste die Kontrolle aller f\u00fcr die Chain of Custody notwendigen Schritte f\u00fcr die Herstellung und den Vertrieb von Produkten aus Schnittholz und Holzwaren. Der Bereich dieses Audits umfasst die folgenden T\u00e4tigkeiten [&hellip;]<\/p>","protected":false},"author":1,"featured_media":0,"parent":0,"menu_order":82,"comment_status":"closed","ping_status":"closed","template":"","meta":{"footnotes":""},"class_list":["post-11","page","type-page","status-publish","hentry"],"_links":{"self":[{"href":"https:\/\/www.euroforest.de\/ru\/wp-json\/wp\/v2\/pages\/11","targetHints":{"allow":["GET"]}}],"collection":[{"href":"https:\/\/www.euroforest.de\/ru\/wp-json\/wp\/v2\/pages"}],"about":[{"href":"https:\/\/www.euroforest.de\/ru\/wp-json\/wp\/v2\/types\/page"}],"author":[{"embeddable":true,"href":"https:\/\/www.euroforest.de\/ru\/wp-json\/wp\/v2\/users\/1"}],"replies":[{"embeddable":true,"href":"https:\/\/www.euroforest.de\/ru\/wp-json\/wp\/v2\/comments?post=11"}],"version-history":[{"count":0,"href":"https:\/\/www.euroforest.de\/ru\/wp-json\/wp\/v2\/pages\/11\/revisions"}],"wp:attachment":[{"href":"https:\/\/www.euroforest.de\/ru\/wp-json\/wp\/v2\/media?parent=11"}],"curies":[{"name":"wp","href":"https:\/\/api.w.org\/{rel}","templated":true}]}}