{"id":19,"date":"2013-03-03T22:11:25","date_gmt":"2013-03-03T21:11:25","guid":{"rendered":"https:\/\/www.euroforest.de\/treppenbauplatten-dl\/"},"modified":"2013-03-03T22:11:25","modified_gmt":"2013-03-03T21:11:25","slug":"treppenbauplatten-dl","status":"publish","type":"page","link":"https:\/\/www.euroforest.de\/ru\/treppenbauplatten-dl\/","title":{"rendered":"Treppenbauplatten dl"},"content":{"rendered":"<div style=\"height:2500px\">\n<div style=\"width:460px;padding-left:15px;padding-top:15px;float:left;\">\n<h1><img decoding=\"async\" src=\"images\/blatt.gif\" border=\"0\" alt=\"LARBON Logo\" \/>LARBON Treppenstufenplatten durchgehende Lamelle (DL)<\/h1>\n<p>&nbsp;<\/p>\n<p>Der Vorteil von Treppenplatten mit durchgehenden Lamellen liegt in der handwerklich hochwertigen Optik (ohne St\u00f6\u00dfe in der L\u00e4nge).<\/p>\n<p>Um das Schnittholz bestm\u00f6glich auszunutzen werden die Platten in L\u00e4ngen von 900mm bis max. 4000mm in 100mm L\u00e4ngenschritten gefertigt (900mm, 1000mm, 1100mm......4000mm). Da lange L\u00e4ngen nur aufwendig zu erreichen sind, steigen die Preise mit zunehmender L\u00e4nge deutlich an.<\/p>\n<p><\/p>\n<p style=\"color:#c63;font-weight:bold\">Ausf\u00fchrungstypen Treppenbauplatten DL:<\/p>\n<p>- durchgehende Lamellen mit fallenden (unterschiedlichen) Lamellenbreiten ca. 40-100mm<br \/>\n- durchgehende Lamellen mit fixen Lamellenbreiten (ca. 45mm, ca. 70mm)<\/p>\n<p style=\"color:#c63;font-weight:bold\">Holzarten:<\/p>\n<p>    <u>Lagerware<\/u>:<br \/>Buche leicht ged\u00e4mpft, Kernbuche, Buche natur (unged&auml;mpft), Europ. Eiche, Wildeiche, Esche, Europ. Ahorn, Amer. Schwarznu\u00df (Ami Nu&szlig;, \"Black Walnut\")<\/p>\n<p><u>Kommission<\/u>:<br \/>Hard Maple, Ovenkol (Amazakou\u00e9 \/ Ovangkol), Dibetou (African Black Walnut), Kiefer (40+45mm), Sibirische L\u00e4rche (40mm)<\/p>\n<p style=\"color:#c63;font-weight:bold\">Abmessungen:<\/p>\n<p>- Lagerst\u00e4rken: 40mm, 45mm (Stufen und Wangen), 19mm, 26mm (Setzstufen)<br \/>\n- Sonderst\u00e4rken: 16mm, 30mm, 43mm, 50mm, 55-60mm symmetrisch aufgedoppelt (2x30mm)<br \/>\n- L\u00e4ngen: bis max. 4000mm \/ Lagerl\u00e4ngen 900mm - 3000mm<br \/>\n- Breiten: bis max. 1250 mm \/ Lagerbreiten 650mm, 700mm (Stufenplatten), 1210mm (Wangenplatten und Podestplatten)<\/p>\n<p style=\"color:#c63;font-weight:bold\">Qualit\u00e4ten Treppenstufenplatten:<\/p>\n<p><\/p>\n<p>\n<strong>A \/ B<\/strong>:<\/p>\n<p>- Oberseite A: sauber ohne Rotkern, Eiche ohne Splint, astfrei, einheitliche Farbe und Struktur, nach Farbe sortiert<br \/>\n- Unterseite B: ohne Rotkern, Eiche ohne Splint, astfrei, farblich nicht sortiert<\/p>\n<p><strong>A \/ BC<\/strong>:<\/p>\n<p>- Oberseite A: sauber ohne Rotkern, Eiche ohne Splint, astfrei, einheitliche Farbe und Struktur, nach Farbe sortiert<br \/>\n- Unterseite BC: ohne Rotkern, astfrei, naturbunt, Farbdifferenzen erlaubt, Eiche mit kleinem Splintanteil bis zu 20% der Fl\u00e4che<\/p>\n<p><strong>A \/ C<\/strong>:<\/p>\n<p>- Oberseite A: sauber ohne Rotkern, Eiche ohne Splint, astfrei, einheitliche Farbe und Struktur, nach Farbe sortiert<br \/>\n- Unterseite C: Buche naturbunt, gesunder Rotkern erlaubt (0-100%), Farbdifferenzen erlaubt, Eiche mit gesundem Splint, kleine Punkt\u00e4ste erlaubt<\/p>\n<p><strong>Kern \/ C<\/strong> (Kernbuche Treppenqualit\u00e4t):<\/p>\n<p>- Oberseite Kern: Buche naturbunt, gesunder Rotkern dekorativ erw\u00fcnscht, Farbdifferenzen erlaubt, ohne \u00c4ste<br \/>\n- Unterseite C: Buche naturbunt, gesunder Rotkern erlaubt (0-100%), Farbdifferenzen erlaubt, kleine Punkt\u00e4ste erlaubt<\/p>\n<p><strong>\"Natureiche \/ Wildeiche\" B\/B<\/strong> (Eiche natur Treppenqualit&auml;t):<\/p>\n<p>- Oberseite: ohne Splint, kleine geschlossene \u00c4ste bis Durchmesser ca. 25mm erlaubt, Farbdifferenzen erlaubt, \u00c4ste dunkel\/schwarz gespachtelt<br \/>\n- Unterseite: ganz vereinzelt gesunder Splint, \u00c4ste dunkel\/schwarz gespachtelt<\/p>\n<p><strong>\"Asteiche\"<\/strong> (Eiche rustikal Treppenqualit&auml;t):<\/p>\n<p>- Oberseite: rustikales Bild, splintfrei, gr\u00f6\u00dfere \u00c4ste bis max. ca. 35mm Durchmesser dekorativ erw\u00fcnscht und dunkel\/schwarz gespachtelt, Farbdifferenzen erlaubt<br \/>\n- Unterseite: vereinzelt mit gesundem Splint, offene \u00c4ste dunkel\/schwarz gespachtelt<\/p>\n<p>\n{gotop}<br \/>\n    <\/p>\n<p style=\"color:#c63;font-weight:bold\">Holzfeuchte:<\/p>\n<p>Bei Produktionsende betr\u00e4gt die Holzfeuchte circa 8+\/-2%, was der Ausgleichsfeuchte bei Verwendung in geschlossenen R\u00e4umen mit einem gesunden Wohnklima von 20\u00b0C \/ 55% Luftfeuchte entspricht.<\/p>\n<p style=\"color:#c63;font-weight:bold\">Verleimung:<\/p>\n<p>Alle Massivholzplatten \/ Leimholzplatten werden mit gepr\u00fcften Marken-Leimen der Beanspruchungsklasse D3 - gem. EN 204 (PVAC = formaldehydfreie Wei\u00dfleime) verleimt. Anwendungsgebiete sind Innenbereiche mit h\u00e4ufiger kurzzeitigen Einwirkung von abflie\u00dfendem Wasser oder Kondenswasser und\/oder Einwirkung hoher Luftfeuchte. Au\u00dfenbereiche, vor Witterung gesch\u00fctzt. Auf Wunsch ist auch die Verleimung der Klasse D4 m\u00f6glich.<\/p>\n<p style=\"color:#c63;font-weight:bold\">Lagerung:<\/p>\n<p>Beim Transport oder bei der Lagerung von Massivholzplatten kann es zu einer Feuchteaufnahme kommen. W\u00e4hrend der Lagerung und der Bearbeitung ist daher unbedingt auf ein gleichm\u00e4\u00dfiges Raumklima zu achten. Die Lagerung sollte in geschlossenen, nicht zu trockenen oder zu feuchten R\u00e4umen erfolgen. Die Massivholzplatten sollten abgedeckt sein und gerade, vollfl\u00e4chig aufliegen. Beachten Sie, dass das Schwind- und Quellverm\u00f6gen bei ca. 0,6% je 1% Holzfeuchte\u00e4nderung liegt. Vor der Weiterverarbeitung der Massivholzplatten ist daher eine Klimatisierung auf die entsprechende Verwendungsfeuchte zu empfehlen.<\/p>\n<p style=\"color:#c63;font-weight:bold\">Oberfl&auml;chen:<\/p>\n<p>Alle Massivholzplatten \/ Leimholzplatten werden mit Korn 100 geschliffen. Korn 80 oder 120 auf Wunsch. Damit besteht die M\u00f6glichkeit die Platten je nach Wunsch zu \u00f6len, zu wachsen oder zu lackieren. Die Ober- und Unterseite sollte generell den gleichen Oberfl\u00e4chenaufbau aufweisen um einen eventuellen Verzug zu vermeiden.<\/p>\n<p style=\"color:#c63;font-weight:bold\">Verleimfugen:<\/p>\n<p>stumpf, geschlossen<\/p>\n<p style=\"color:#c63;font-weight:bold\">Kanten:<\/p>\n<p>- sauberer S\u00e4geschnitt, auf L\u00e4nge gekappt<br \/>\n- Rundkanten, Rundungen oder Fasen m\u00f6glich<\/p>\n<p style=\"color:#c63;font-weight:bold\">Paketgr&ouml;&szlig;en:<\/p>\n<p>- Stufenplatten: Breite 650mm, 700mm = 20 St\u00fcck\/Paket<br \/>\n- Wangenplatten \/ Podestplatten: st&uuml;ckweise<\/p>\n<p style=\"color:#c63;font-weight:bold\">Verpackung:<\/p>\n<p>Paketweise Folierung als Standard. Einzelfolierung, Einleger sowie Eigenmarken-Label auf Wunsch m\u00f6glich.<\/p>\n<p style=\"color:#c63;font-weight:bold\">Lieferzeiten:<\/p>\n<p>1.100 m3 Lagerware prompt \/ Standardplatten ca. 2-3 Wochen \/ Sonderformate und -holzarten: ca. 4-5 Wochen<\/p>\n<p>{gotop}<\/p>\n<\/div>\n<div style=\"width:316px;float:right;\">\n<img decoding=\"async\" src=\"images\/larbon_treppe.jpg\" border=\"0\" alt=\"LARBON Treppenplatten Massivholz\" \/><\/p>\n<p>  <img decoding=\"async\" src=\"images\/larbon_dreistufenplatten.jpg\" border=\"0\" alt=\"LARBON Treppenplatten Massivholz\" \/><\/p>\n<p><img decoding=\"async\" src=\"images\/treppenbauplatten_dl_1.jpg\" border=\"0\" alt=\"LARBON Treppenbauplatten Massivholz DL\" \/><\/p>\n<p><img decoding=\"async\" src=\"images\/treppenbauplatten_dl_2.jpg\" border=\"0\" alt=\"LARBON Treppenbauplatten Massivholz DL\" \/><\/p>\n<p><img decoding=\"async\" src=\"images\/larbon_lkw.jpg\" border=\"0\" alt=\"LARBON Treppenplatten Massivholz\" \/><\/p>\n<p>  <img decoding=\"async\" src=\"images\/lkw_stapler.jpg\" border=\"0\" alt=\"LARBON Treppenplatten Massivholz\" \/><\/p>\n<\/div>\n<\/div>","protected":false},"excerpt":{"rendered":"<p>LARBON Treppenstufenplatten durchgehende Lamelle (DL) &nbsp; Der Vorteil von Treppenplatten mit durchgehenden Lamellen liegt in der handwerklich hochwertigen Optik (ohne St\u00f6\u00dfe in der L\u00e4nge). Um das Schnittholz bestm\u00f6glich auszunutzen werden die Platten in L\u00e4ngen von 900mm bis max. 4000mm in 100mm L\u00e4ngenschritten gefertigt (900mm, 1000mm, 1100mm......4000mm). Da lange L\u00e4ngen nur aufwendig zu erreichen sind, steigen [&hellip;]<\/p>","protected":false},"author":1,"featured_media":0,"parent":0,"menu_order":74,"comment_status":"closed","ping_status":"closed","template":"","meta":{"footnotes":""},"class_list":["post-19","page","type-page","status-publish","hentry"],"_links":{"self":[{"href":"https:\/\/www.euroforest.de\/ru\/wp-json\/wp\/v2\/pages\/19","targetHints":{"allow":["GET"]}}],"collection":[{"href":"https:\/\/www.euroforest.de\/ru\/wp-json\/wp\/v2\/pages"}],"about":[{"href":"https:\/\/www.euroforest.de\/ru\/wp-json\/wp\/v2\/types\/page"}],"author":[{"embeddable":true,"href":"https:\/\/www.euroforest.de\/ru\/wp-json\/wp\/v2\/users\/1"}],"replies":[{"embeddable":true,"href":"https:\/\/www.euroforest.de\/ru\/wp-json\/wp\/v2\/comments?post=19"}],"version-history":[{"count":0,"href":"https:\/\/www.euroforest.de\/ru\/wp-json\/wp\/v2\/pages\/19\/revisions"}],"wp:attachment":[{"href":"https:\/\/www.euroforest.de\/ru\/wp-json\/wp\/v2\/media?parent=19"}],"curies":[{"name":"wp","href":"https:\/\/api.w.org\/{rel}","templated":true}]}}