{"id":20,"date":"2013-03-03T22:11:52","date_gmt":"2013-03-03T21:11:52","guid":{"rendered":"https:\/\/www.euroforest.de\/moebelbauplatten-kgz\/"},"modified":"2013-03-03T22:11:52","modified_gmt":"2013-03-03T21:11:52","slug":"moebelbauplatten-kgz","status":"publish","type":"page","link":"https:\/\/www.euroforest.de\/ru\/moebelbauplatten-kgz\/","title":{"rendered":"M\u00f6belbauplatten kgz"},"content":{"rendered":"<div style=\"height:2400px\">\n<div style=\"width:460px;padding-left:15px;padding-top:15px;float:left;\">\n<h1><img decoding=\"async\" src=\"images\/blatt.gif\" border=\"0\" alt=\"LARBON Logo\" \/>LARBON M\u00f6belbauplatten keilgezinkt<\/h1>\n<p>&nbsp;<\/p>\n<p>Der Vorteil von keilgezinkten M\u00f6belbauplatten liegt im vergleichsweise g\u00fcnstigen Preis, da das Schnittholz bestm\u00f6glich ausgenutzt werden kann (ca. 50%). Durch das Verleimen von in der L\u00e4nge keilgezinkten Lamellen k\u00f6nnen homogene gro\u00dffl\u00e4chige Platten bis zu Abmessungen von L\u00e4nge 6000mm x Breite 1250mm gefertigt werden.<\/p>\n<p><\/p>\n<p style=\"color:#c63;font-weight:bold\">Ausf\u00fchrungstypen M\u00f6belbauplatten keilgezinkt:<\/p>\n<p>- keilgezinkte Lamellen mit standard Lamellenbreite ca. 40-42mm fix, Lamellenl\u00e4ngen ca. 250-400mm<br \/>\n- keilgezinkte Lamellen mit schmalen Lamellen ca. 20mm (\"Fineline\")<\/p>\n<p style=\"color:#c63;font-weight:bold\">Holzarten:<\/p>\n<p><u>Lagerware<\/u>:<br \/>\nBuche leicht ged\u00e4mpft, Kernbuche, Buche natur (unged\u00e4mpft)<br \/> <br \/>\nEurop. Eiche, Wildeiche, R\u00e4uchereiche, Roteiche<br \/>\nEsche, Esche Braunkern<br \/>\nEurop. Ahorn, Akazie ged&auml;mpft (Robinie), Birke, Europ. Kirsche ged\u00e4mpft, Erle unged&auml;mpft<br \/> <br \/>\nEurop. Nu\u00dfbaum, Europ. Schwarznu\u00df (Juglans Nigra), Amer. Nu\u00dfbaum (Black Walnut)<br \/>\nWenge, Iroko, Zebrano<\/p>\n<p style=\"color:#c63;font-weight:bold\">Abmessungen:<\/p>\n<p>- Lagerst\u00e4rken: 19mm, 26mm, 30mm, 40mm<br \/> <br \/>\n- Sonderst\u00e4rken: 15-18mm, 20mm, 30-32mm, 38mm<br \/> <br \/>\n- L\u00e4ngen: bis max. 6000mm \/ Lagerl\u00e4ngen 2500mm, 4200mm, 5000mm<br \/> <br \/>\n- Breiten: bis max. 1250 mm \/ Lagerbreiten 600mm, 650mm, 800mm, 1250mm<\/p>\n<p style=\"color:#c63;font-weight:bold\">Qualit\u00e4ten M&ouml;belplatten:<\/p>\n<p><\/p>\n<p>\n<strong>A \/ B<\/strong>:<\/p>\n<p>- Oberseite A: sauber ohne Rotkern, Eiche ohne Splint, astfrei, einheitliche Farbe und Struktur, nach Farbe sortiert<br \/>\n- Unterseite B: ohne Rotkern, astfrei, naturbunt, Farbdifferenzen erlaubt, Eiche mit kleinem Splintanteil<\/p>\n<p><strong>A \/ C<\/strong>:<\/p>\n<p>- Oberseite A: sauber ohne Rotkern, Eiche ohne Splint, astfrei, einheitliche Farbe und Struktur, nach Farbe sortiert<br \/>\n- Unterseite C: Buche naturbunt, gesunder Rotkern erlaubt (0-100%), Farbdifferenzen erlaubt, Eiche mit gesundem Splint, kleine Punkt\u00e4ste erlaubt<\/p>\n<p><strong>Kern \/ C<\/strong> (Kernbuche Treppenqualit\u00e4t):<\/p>\n<p>- Oberseite Kern: Buche naturbunt, gesunder Rotkern dekorativ erw\u00fcnscht, Farbdifferenzen erlaubt, ohne \u00c4ste<br \/>\n- Unterseite C: Buche naturbunt, gesunder Rotkern erlaubt (0-100%), Farbdifferenzen erlaubt, kleine Punkt\u00e4ste erlaubt<\/p>\n<p><strong>Wildeiche (Eiche B\/B)<\/strong>:<\/p>\n<p>- Oberseite: Eiche ohne Splint, kleine \u00c4ste dekorativ bis ca. 15mm Durchmesser erw\u00fcnscht, Farbdifferenzen erlaubt, offene \u00c4ste dunkel gespachtelt<br \/>\n- Unterseite: Eiche vereinzelt mit gesundem Splint, \u00c4ste erw\u00fcnscht, Farbdifferenzen erlaubt, offene \u00c4ste dunkel gespachtelt<\/p>\n<p><strong>Asteiche (Eiche Rustik, \"Knotty Oak\")<\/strong>:<\/p>\n<p>- Oberseite: Eiche ohne Splint, \u00c4ste dekorativ bis ca. 35mm Durchmesser erw\u00fcnscht, Farbdifferenzen erlaubt, offene \u00c4ste schwarz gespachtelt<br \/>\n- Unterseite: Eiche vereinzelt mit gesundem Splint, \u00c4ste erw\u00fcnscht, Farbdifferenzen erlaubt, offene \u00c4ste dunkel gespachtelt<\/p>\n<p>\n{gotop}<br \/>\n    <\/p>\n<p style=\"color:#c63;font-weight:bold\">Holzfeuchte:<\/p>\n<p>Bei Produktionsende betr\u00e4gt die Holzfeuchte circa 8+\/-2%, was der Ausgleichsfeuchte bei Verwendung in geschlossenen R\u00e4umen mit einem gesunden Wohnklima von 20\u00b0C \/ 55% Luftfeuchte entspricht.<\/p>\n<p style=\"color:#c63;font-weight:bold\">Verleimung:<\/p>\n<p>Alle Massivholzplatten \/ Leimholzplatten werden mit gepr\u00fcften Marken-Leimen der Beanspruchungsklasse D3 - gem. EN 204 (PVAC = formaldehydfreie Wei\u00dfleime) verleimt. Anwendungsgebiete sind Innenbereiche mit h\u00e4ufiger kurzzeitigen Einwirkung von abflie\u00dfendem Wasser oder Kondenswasser und\/oder Einwirkung hoher Luftfeuchte. Au\u00dfenbereiche, vor Witterung gesch\u00fctzt. Auf Wunsch ist auch die Verleimung der Klasse D4 m\u00f6glich.<\/p>\n<p style=\"color:#c63;font-weight:bold\">Lagerung:<\/p>\n<p>Beim Transport oder bei der Lagerung von Massivholzplatten kann es zu einer Feuchteaufnahme kommen. W\u00e4hrend der Lagerung und der Bearbeitung ist daher unbedingt auf ein gleichm\u00e4\u00dfiges Raumklima zu achten. Die Lagerung sollte in geschlossenen, nicht zu trockenen oder zu feuchten R\u00e4umen erfolgen. Die Massivholzplatten sollten abgedeckt sein und gerade, vollfl\u00e4chig aufliegen. Beachten Sie, dass das Schwind- und Quellverm\u00f6gen bei ca. 0,6% je 1% Holzfeuchte\u00e4nderung liegt. Vor der Weiterverarbeitung der Massivholzplatten ist daher eine Klimatisierung auf die entsprechende Verwendungsfeuchte zu empfehlen.<\/p>\n<p style=\"color:#c63;font-weight:bold\">Oberfl&auml;chen:<\/p>\n<p>Alle Massivholzplatten \/ Leimholzplatten werden mit Korn 100 geschliffen. Korn 80 oder 120 auf Wunsch. Damit besteht die M\u00f6glichkeit die Platten je nach Wunsch zu \u00f6len, zu wachsen oder zu lackieren. Die Ober- und Unterseite sollte generell den gleichen Oberfl\u00e4chenaufbau aufweisen um einen eventuellen Verzug zu vermeiden.<\/p>\n<p style=\"color:#c63;font-weight:bold\">Keilzinkung:<\/p>\n<p>Randzinkenfr\u00e4ser, Zinken verleimt und auf der Fl\u00e4che nicht sichtbar<\/p>\n<p style=\"color:#c63;font-weight:bold\">Verleimfugen:<\/p>\n<p>stumpf, geschlossen<\/p>\n<p style=\"color:#c63;font-weight:bold\">Kanten:<\/p>\n<p>- sauberer S\u00e4geschnitt, auf L\u00e4nge gekappt<br \/>\n- Rundkanten, Rundungen oder Fasen m\u00f6glich<\/p>\n<p style=\"color:#c63;font-weight:bold\">Paketgr&ouml;&szlig;en:<\/p>\n<p>- 18-27mm = 30 St\u00fcck\/Paket<br \/>\n- 38-45mm = 20 St\u00fcck\/Paket<br \/>\n- 50mm = 10 St\u00fcck\/Paket<\/p>\n<p style=\"color:#c63;font-weight:bold\">Verpackung:<\/p>\n<p>Paketweise Folierung als Standard. Einzelfolierung, Einleger sowie Eigenmarken-Label auf Wunsch m\u00f6glich.<\/p>\n<p style=\"color:#c63;font-weight:bold\">Lieferzeiten:<\/p>\n<p>300 m3 Lagerware prompt \/ Standardplatten ca. 2-3 Wochen \/ Sonderformate und -holzarten: ca. 4-5 Wochen<\/p>\n<p>{gotop}<\/p>\n<\/div>\n<div style=\"width:316px;float:right;\">\n<p><img decoding=\"async\" src=\"images\/leimholzplatten_larbon.jpg\" border=\"0\" alt=\"LARBON \u043c\u0430\u0441\u0441\u0438\u0432\u043d\u044b\u0435 \u0434\u0435\u0440\u0435\u0432\u044f\u043d\u043d\u044b\u0435 \u043f\u0430\u043d\u0435\u043b\u0438\" \/><\/p>\n<p><img decoding=\"async\" src=\"images\/larbon_platten.jpg\" border=\"0\" alt=\"LARBON \u043c\u0430\u0441\u0441\u0438\u0432\u043d\u044b\u0435 \u0434\u0435\u0440\u0435\u0432\u044f\u043d\u043d\u044b\u0435 \u043f\u0430\u043d\u0435\u043b\u0438\" \/><\/p>\n<p><img decoding=\"async\" src=\"images\/larbon_platte.jpg\" border=\"0\" alt=\"LARBON Massivholzplatte\" \/><\/p>\n<p><img decoding=\"async\" src=\"images\/larbon_stapel.jpg\" border=\"0\" alt=\"LARBON \u043c\u0430\u0441\u0441\u0438\u0432\u043d\u044b\u0435 \u0434\u0435\u0440\u0435\u0432\u044f\u043d\u043d\u044b\u0435 \u043f\u0430\u043d\u0435\u043b\u0438\" \/><\/p>\n<\/div>\n<\/div>","protected":false},"excerpt":{"rendered":"<p>LARBON M\u00f6belbauplatten keilgezinkt &nbsp; Der Vorteil von keilgezinkten M\u00f6belbauplatten liegt im vergleichsweise g\u00fcnstigen Preis, da das Schnittholz bestm\u00f6glich ausgenutzt werden kann (ca. 50%). Durch das Verleimen von in der L\u00e4nge keilgezinkten Lamellen k\u00f6nnen homogene gro\u00dffl\u00e4chige Platten bis zu Abmessungen von L\u00e4nge 6000mm x Breite 1250mm gefertigt werden. Ausf\u00fchrungstypen M\u00f6belbauplatten keilgezinkt: - keilgezinkte Lamellen mit standard [&hellip;]<\/p>","protected":false},"author":1,"featured_media":0,"parent":0,"menu_order":73,"comment_status":"closed","ping_status":"closed","template":"","meta":{"footnotes":""},"class_list":["post-20","page","type-page","status-publish","hentry"],"_links":{"self":[{"href":"https:\/\/www.euroforest.de\/ru\/wp-json\/wp\/v2\/pages\/20","targetHints":{"allow":["GET"]}}],"collection":[{"href":"https:\/\/www.euroforest.de\/ru\/wp-json\/wp\/v2\/pages"}],"about":[{"href":"https:\/\/www.euroforest.de\/ru\/wp-json\/wp\/v2\/types\/page"}],"author":[{"embeddable":true,"href":"https:\/\/www.euroforest.de\/ru\/wp-json\/wp\/v2\/users\/1"}],"replies":[{"embeddable":true,"href":"https:\/\/www.euroforest.de\/ru\/wp-json\/wp\/v2\/comments?post=20"}],"version-history":[{"count":0,"href":"https:\/\/www.euroforest.de\/ru\/wp-json\/wp\/v2\/pages\/20\/revisions"}],"wp:attachment":[{"href":"https:\/\/www.euroforest.de\/ru\/wp-json\/wp\/v2\/media?parent=20"}],"curies":[{"name":"wp","href":"https:\/\/api.w.org\/{rel}","templated":true}]}}