{"id":21,"date":"2013-03-03T22:12:05","date_gmt":"2013-03-03T21:12:05","guid":{"rendered":"https:\/\/www.euroforest.de\/moebelbauplatten-dl\/"},"modified":"2013-03-03T22:12:05","modified_gmt":"2013-03-03T21:12:05","slug":"moebelbauplatten-dl","status":"publish","type":"page","link":"https:\/\/www.euroforest.de\/ru\/moebelbauplatten-dl\/","title":{"rendered":"M\u00f6belbauplatten dl"},"content":{"rendered":"<div style=\"height:2400px\">\n<div style=\"width:460px;padding-left:15px;padding-top:15px;float:left;\">\n<h1><img decoding=\"async\" src=\"images\/blatt.gif\" border=\"0\" alt=\"LARBON Logo\" \/>LARBON M\u00f6belbauplatten durchgehende Lamelle (DL)<\/h1>\n<p>&nbsp;<\/p>\n<p>Der Vorteil von M\u00f6belbauplatten mit durchgehenden Lamellen liegt in der handwerklich hochwertigen Optik (ohne St\u00f6\u00dfe in der L\u00e4nge). Um das Schnittholz bestm\u00f6glich auszunutzen werden die Platten in L\u00e4ngen von 900mm bis max. 4000mm in 100mm L\u00e4ngenschritten gefertigt (900mm, 1000mm, 1100mm......4000mm). Da lange L\u00e4ngen nur aufwendig zu erreichen sind, steigen die Preise mit zunehmender L\u00e4nge deutlich an.<\/p>\n<p><\/p>\n<p style=\"color:#c63;font-weight:bold\">Ausf\u00fchrungstypen M\u00f6belbauplatten DL:<\/p>\n<p>- durchgehende Lamellen mit fallenden (unterschiedlichen) Lamellenbreiten ca. 40-100mm<br \/>\n- durchgehende Lamellen mit fixen Lamellenbreiten (ca. 45mm) <\/p>\n<p style=\"color:#c63;font-weight:bold\">Holzarten:<\/p>\n<p>    <u>Lagerware<\/u>:<br \/>Buche leicht ged\u00e4mpft, Kernbuche, Europ. Eiche A\/B, Wildeiche \/ Asteiche, Esche A\/B, Esche Braunkern, Europ. Ahorn, Amer. Schwarznu\u00df (Ami Nu\u00df, \"Black Walnut\"), Birke, Erle unged&auml;pft<\/p>\n<p><u>Kommission<\/u>:<br \/>Red Alder, American Whiteoak<\/p>\n<p style=\"color:#c63;font-weight:bold\">Abmessungen:<\/p>\n<p>- Lagerst\u00e4rken: 19mm, 26mm, 40mm<br \/> <br \/>\n- Sonderst\u00e4rken: 16mm, 18-21mm, 29-32mm, 38-45mm<br \/> <br \/>\n- L\u00e4ngen: bis max. 4000mm \/ Lagerl\u00e4ngen 900mm - 3000mm<br \/> <br \/>\n- Breiten: bis max. 1250 mm \/ Lagerbreiten 1210mm<\/p>\n<p style=\"color:#c63;font-weight:bold\">Qualit\u00e4ten M&ouml;belbauplatten:<\/p>\n<p>\n<strong>A \/ B<\/strong>:<\/p>\n<p>- Oberseite A: sauber ohne Rotkern\/Braunkern, Eiche ohne Splint, Ami Nu\u00df mit weniger als 1\/3 der Lamelle Splint erlaubt, astfrei, einheitliche Farbe und Struktur, nach Farbe sortiert<br \/>\n- Unterseite B: ohne Rotkern\/Braunkern, astfrei, naturbunt, Farbdifferenzen erlaubt, Eiche mit kleinem Splintanteil (bis max. 20% Fl\u00e4che), Ami Nu\u00df Splint erlaubt<\/p>\n<p><strong>A \/ C<\/strong>:<\/p>\n<p>- Oberseite A: sauber ohne Rotkern\/Braunkern, Eiche ohne Splint, astfrei, einheitliche Farbe und Struktur, nach Farbe sortiert<br \/>\n- Unterseite C: Buche naturbunt, gesunder Rotkern erlaubt (0-100%), Farbdifferenzen erlaubt, Eiche gesunder Splint erlaubt, kleine Punkt\u00e4ste erlaubt, geschlossene Oberfl\u00e4che<\/p>\n<p><strong>Kern \/ C<\/strong> (Kernbuche, Kernesche M\u00f6belqualit\u00e4t):<\/p>\n<p>- Oberseite Kern: Buche naturbunt, gesunder Rotkern\/Braunkern dekorativ erw\u00fcnscht, Farbdifferenzen erlaubt, ohne \u00c4ste<br \/>\n- Unterseite C: Buche naturbunt, gesunder Rotkern\/Braunkern erlaubt (0-100%), Farbdifferenzen erlaubt, kleine Punkt\u00e4ste erlaubt, geschlossene Oberfl\u00e4che<\/p>\n<p><strong>Wildeiche<\/strong> (Eiche rustikal M\u00f6belqualit&auml;t):<\/p>\n<p>- Oberseite: Eiche ohne Splint, \u00c4ste dekorativ erw\u00fcnscht, Farbdifferenzen erlaubt, offene \u00c4ste dunkel gespachtelt<br \/>\n- Unterseite: Eiche gesunder Splint erlaubt, Farbdifferenzen erlaubt, offene \u00c4ste dunkel gespachtelt, geschlossene Oberfl\u00e4che<\/p>\n<p>      <strong>Asteiche<\/strong> (Eiche \u201eknotty oak\u201c M\u00f6belqualit\u00e4t):<\/p>\n<p>- Oberseite: Eiche ohne Splint, \u00c4ste bis 35mm Durchmesser dekorativ erw\u00fcnscht, Farbdifferenzen erlaubt, offene \u00c4ste dunkel gespachtelt<br \/>\n- Unterseite: Eiche gesunder Splint erlaubt, Farbdifferenzen erlaubt, offene \u00c4ste dunkel gespachtelt, geschlossene Oberfl\u00e4che<\/p>\n<p style=\"color:#c63;font-weight:bold\">St\u00fccklisten \/ Ma\u00dfanfertigung:<\/p>\n<p>- m\u00f6glich in Europ. Eiche, A\/B, A\/C und \"Wildeiche\" sowie Buche leicht ged. und Kernbuche<br \/>\n- auf Ma\u00df geschnitten, kleines \u00dcberma\u00df erlaubt (-0mm \/ bis max. +5mm)<br \/>\n- st\u00fcckgenaue Lieferung<br \/>\n- paketweise Folierung<br \/>\n- Lieferzeit 4-6 Wochen<\/p>\n<p>\n{gotop}<br \/>\n    <\/p>\n<p style=\"color:#c63;font-weight:bold\">Holzfeuchte:<\/p>\n<p>Bei Produktionsende betr\u00e4gt die Holzfeuchte circa 8+\/-2%, was der Ausgleichsfeuchte bei Verwendung in geschlossenen R\u00e4umen mit einem gesunden Wohnklima von 20\u00b0C \/ 55% Luftfeuchte entspricht.<\/p>\n<p style=\"color:#c63;font-weight:bold\">Verleimung:<\/p>\n<p>Alle Massivholzplatten \/ Leimholzplatten werden mit gepr\u00fcften Marken-Leimen der Beanspruchungsklasse D3 - gem. EN 204 (PVAC = formaldehydfreie Wei\u00dfleime) verleimt. Anwendungsgebiete sind Innenbereiche mit h\u00e4ufiger kurzzeitigen Einwirkung von abflie\u00dfendem Wasser oder Kondenswasser und\/oder Einwirkung hoher Luftfeuchte. Au\u00dfenbereiche, vor Witterung gesch\u00fctzt. Auf Wunsch ist auch die Verleimung der Klasse D4 m\u00f6glich.<\/p>\n<p style=\"color:#c63;font-weight:bold\">Lagerung:<\/p>\n<p>Beim Transport oder bei der Lagerung von Massivholzplatten kann es zu einer Feuchteaufnahme kommen. W\u00e4hrend der Lagerung und der Bearbeitung ist daher unbedingt auf ein gleichm\u00e4\u00dfiges Raumklima zu achten. Die Lagerung sollte in geschlossenen, nicht zu trockenen oder zu feuchten R\u00e4umen erfolgen. Die Massivholzplatten sollten abgedeckt sein und gerade, vollfl\u00e4chig aufliegen. Beachten Sie, dass das Schwind- und Quellverm\u00f6gen bei ca. 0,6% je 1% Holzfeuchte\u00e4nderung liegt. Vor der Weiterverarbeitung der Massivholzplatten ist daher eine Klimatisierung auf die entsprechende Verwendungsfeuchte zu empfehlen.<\/p>\n<p style=\"color:#c63;font-weight:bold\">Oberfl&auml;chen:<\/p>\n<p>Alle Massivholzplatten \/ Leimholzplatten werden mit Korn 100 geschliffen. Korn 80 oder 120 auf Wunsch. Damit besteht die M\u00f6glichkeit die Platten je nach Wunsch zu \u00f6len, zu wachsen oder zu lackieren. Die Ober- und Unterseite sollte generell den gleichen Oberfl\u00e4chenaufbau aufweisen um einen eventuellen Verzug zu vermeiden.<\/p>\n<p style=\"color:#c63;font-weight:bold\">Verleimfugen:<\/p>\n<p>stumpf, geschlossen<\/p>\n<p style=\"color:#c63;font-weight:bold\">Kanten:<\/p>\n<p>- sauberer S\u00e4geschnitt, auf L\u00e4nge gekappt<br \/>\n- Rundkanten, Rundungen oder Fasen m\u00f6glich<\/p>\n<p style=\"color:#c63;font-weight:bold\">Paketgr&ouml;&szlig;en:<\/p>\n<p>- st\u00fcckweise kommissioniert<\/p>\n<p style=\"color:#c63;font-weight:bold\">Verpackung:<\/p>\n<p>Lagerware einzeln foliert als Standard. Einleger sowie Eigenmarken-Label auf Wunsch m\u00f6glich. <\/p>\n<p style=\"color:#c63;font-weight:bold\">Lieferzeiten:<\/p>\n<p>500 m3 Lagerware prompt \/ Standardplatten ca. 2-3 Wochen \/ Sonderformate und -holzarten: ca. 4-5 Wochen<\/p>\n<p>{gotop}<\/p>\n<\/div>\n<div style=\"width:316px;float:right;\">\n<p><img decoding=\"async\" src=\"images\/larbon_lkw.jpg\" border=\"0\" alt=\"LARBON Treppenplatten Massivholz\" \/><\/p>\n<p><img decoding=\"async\" src=\"images\/larbon_dreistufenplatten.jpg\" border=\"0\" alt=\"LARBON Treppenplatten Massivholz\" \/><\/p>\n<p><img decoding=\"async\" src=\"images\/larbon_stapel.jpg\" border=\"0\" alt=\"LARBON Treppenplatten Massivholz\" \/><\/p>\n<p><img decoding=\"async\" src=\"images\/larbon_stapel_gross.jpg\" border=\"0\" alt=\"LARBON Treppenplatten Massivholz\" \/><\/p>\n<\/div>\n<\/div>","protected":false},"excerpt":{"rendered":"<p>LARBON M\u00f6belbauplatten durchgehende Lamelle (DL) &nbsp; Der Vorteil von M\u00f6belbauplatten mit durchgehenden Lamellen liegt in der handwerklich hochwertigen Optik (ohne St\u00f6\u00dfe in der L\u00e4nge). Um das Schnittholz bestm\u00f6glich auszunutzen werden die Platten in L\u00e4ngen von 900mm bis max. 4000mm in 100mm L\u00e4ngenschritten gefertigt (900mm, 1000mm, 1100mm......4000mm). Da lange L\u00e4ngen nur aufwendig zu erreichen sind, steigen [&hellip;]<\/p>","protected":false},"author":1,"featured_media":0,"parent":0,"menu_order":72,"comment_status":"closed","ping_status":"closed","template":"","meta":{"footnotes":""},"class_list":["post-21","page","type-page","status-publish","hentry"],"_links":{"self":[{"href":"https:\/\/www.euroforest.de\/ru\/wp-json\/wp\/v2\/pages\/21","targetHints":{"allow":["GET"]}}],"collection":[{"href":"https:\/\/www.euroforest.de\/ru\/wp-json\/wp\/v2\/pages"}],"about":[{"href":"https:\/\/www.euroforest.de\/ru\/wp-json\/wp\/v2\/types\/page"}],"author":[{"embeddable":true,"href":"https:\/\/www.euroforest.de\/ru\/wp-json\/wp\/v2\/users\/1"}],"replies":[{"embeddable":true,"href":"https:\/\/www.euroforest.de\/ru\/wp-json\/wp\/v2\/comments?post=21"}],"version-history":[{"count":0,"href":"https:\/\/www.euroforest.de\/ru\/wp-json\/wp\/v2\/pages\/21\/revisions"}],"wp:attachment":[{"href":"https:\/\/www.euroforest.de\/ru\/wp-json\/wp\/v2\/media?parent=21"}],"curies":[{"name":"wp","href":"https:\/\/api.w.org\/{rel}","templated":true}]}}