{"id":23,"date":"2013-03-03T22:13:25","date_gmt":"2013-03-03T21:13:25","guid":{"rendered":"https:\/\/www.euroforest.de\/tischplatten-und-tischbeine\/"},"modified":"2013-03-03T22:13:25","modified_gmt":"2013-03-03T21:13:25","slug":"tischplatten-und-tischbeine","status":"publish","type":"page","link":"https:\/\/www.euroforest.de\/ru\/tischplatten-und-tischbeine\/","title":{"rendered":"Tischplatten und Tischbeine"},"content":{"rendered":"<div style=\"height:2400px\">\n<div style=\"width:460px;padding-left:15px;padding-top:15px;float:left;\">\n<h1><img decoding=\"async\" src=\"images\/blatt.gif\" border=\"0\" alt=\"LARBON Logo\" \/>LARBON Tischplatten aus Massivholz<\/h1>\n<p>\n- Tischplatten aus massivem Laubholz haben einen zeitlosen Charme und \u00fcberzeugen durch die hochwertige Haptik<br \/>\n- Laubholzarten haben die n\u00f6tige H\u00e4rte f\u00fcr Tischplatten und verf\u00fcgen \u00fcber antibakterielle Eigenschaften<br \/>\n- Massivholzplatten \/ Leimholzplatten sind hochwertige Naturprodukte mit langer Lebensdauer und nat\u00fcrlicher, unverwechselbarer Sch\u00f6nheit<br \/>\n- Holz ist ein Naturprodukt, das bei regelm\u00e4\u00dfiger Pflege im Laufe der Jahre immer sch\u00f6ner wird<br \/>\n- Massivholz l\u00e4sst sich reparieren, auf- oder umarbeiten<br \/>\n- die langfristige Verwendung von Massivholz ist aktiver Umweltschutz durch die Entnahme und langfristige Bindung von CO2<\/p>\n<p>&nbsp;<\/p>\n<p style=\"color:#c63;font-weight:bold\">Holzarten:<\/p>\n<p>\nBuche natur (unged\u00e4mpft)<br \/>\nBuche leicht ged\u00e4mpft<br \/>\nBuche Rotkern (Kernbuche)<br \/>\nBirke <br \/>\nBirnbaum (kgz)<br \/>\nEurop. Eiche<br \/>\nEurop. Wildeiche (Rustikal)<br \/>\nEurop. Ahorn<br \/>\nEsche<br \/>\nThermoesche (kgz)<br \/>\nKirsche natur (kgz)<br \/>\nKirsche ged\u00e4mpft<br \/>\nRobinie ged\u00e4mpft (\"Akazie\") (kgz)<br \/>\nEurop. Nu\u00dfbaum (Juglans regia) (kgz)<br \/>\nEurop. Schwarznu\u00df (Juglans nigra) (kgz)<br \/>\nAmerik. Nussbaum (Schwarznuss \/ \"Ami Nuss\" \/ Black Walnut)<\/p>\n<p>Bambus (natur und ged\u00e4mpft)<\/p>\n<p>Wenge (kgz)<br \/>\nZebrano (kgz)\n<\/p>\n<p><\/p>\n<p style=\"color:#c63;font-weight:bold\">Ausf\u00fchrungstypen Tischplatten aus Massivholz:<\/p>\n<p>- durchgehende Lamellen mit unterschiedlichen oder fixen Lamellenbreiten (DL)<br \/>\n- keilgezinkte Lamellen mit Lamellenbreite ca. 40mm fix (kgz)<br \/>\n- keilgezinkte Lamellenbreite \"Fineline\" ca. 20mm<br \/>\n- Holzfeuchte 8+\/-2%<br \/>\n- D3 oder D4 nach DIN\/EN 204 verleimt<br \/>\n- geschliffen Korn 100<br \/>\n- scharfkantig, unge\u00f6lt, beide Enden rechtwinklig gekappt<br \/>\n- jede Platte einzeln foliert\n  <\/p>\n<p><\/p>\n<p style=\"color:#c63;font-weight:bold\">Bearbeitung und Oberfl\u00e4chen:<\/p>\n<p>- Tischplatten rund bis max. Durchmesser 1200mm m\u00f6glich<br \/>\n  - Rundkanten, Rundungen oder Fasen auf Wunsch m\u00f6glich<br \/>\n  - Tischplatten oval und Freiformen auf CNC m\u00f6glich <br \/>\n- Oberfl\u00e4chengrundierung mit Natur\u00f6l m\u00f6glich\n  <\/p>\n<p><\/p>\n<p style=\"color:#c63;font-weight:bold\">Qualit&auml;t Tischplatten:<\/p>\n<p>\n  Oberseite: Buche A\/B ohne Rotkern, Eiche A\/B ohne Splint, astfrei, nach einheitlicher Farbe und Struktur sortiert<br \/>\nUnterseite: Buche vereinzelt Rotkern erlaubt, naturbunt, nat\u00fcrliche Farbdifferenzen erlaubt, Eiche mit kleinem Splintanteil, kleine geschlossene Punkt\u00e4ste erlaubt <\/p>\n<p><\/p>\n<p style=\"color:#c63;font-weight:bold\">Abmessungen:<\/p>\n<p>\n St\u00e4rken 26, 27, 38, 40, 45mm x L\u00e4nge 5000mm max. x Breite 1250mm max.\n  <\/p>\n<p><\/p>\n<p style=\"color:#c63;font-weight:bold\">Lager-Standardabmessungen (St&auml;rke x L&auml;nge x Breite):<\/p>\n<p>\n40 x 1600 x 800mm<\/p>\n<p>40 x 1800 x 900mm<br \/>\n40 x 1800 x 1000mm<\/p>\n<p>40 x 2000 x 900mm<br \/>\n40 x 2000 x 1000mm<\/p>\n<p>40 x 2200 x 1200mm<br \/>\n40 x 2400 x 1210mm<\/p>\n<p>Tischbeine 80 x 710 x 80mm<br \/>\nTischbeine 120 x 750 x 120mm<br \/>\nTischbeine 160 x 750 x 160mm<br \/>\nTischbeine 80 x 5000 x 80mm (kgz)\n<\/p>\n<p><\/p>\n<p style=\"color:#c63;font-weight:bold\">Lieferzeiten:<\/p>\n<p>\nLagerware prompt \/ Standardplatten ca. 2-3 Wochen \/ Sonderformate und -holzarten: ca. 4-5 Wochen\n<\/p>\n<p>{gotop}<br \/>\n    <\/p>\n<h2><img decoding=\"async\" src=\"images\/blatt.gif\" border=\"0\" alt=\"LARBON Logo\" \/>Tischbeine aus Massivholz<\/h2>\n<p><\/p>\n<p style=\"color:#c63;font-weight:bold\">Tischbeine mit durchgehenden Lamellen:<\/p>\n<p><\/p>\n<p>\nA\/B-Qualit\u00e4t, D3 nach EN 204 verleimt, HF 8-10%, 4-seitig gehobelt,<br \/><img decoding=\"async\" src=\"images\/4pfosten.gif\" border=\"0\" alt=\"4-stielig verleimt\" \/><br \/>\n4-stielig verleimt<\/p>\n<p>- Buche leicht ged&auml;mpft 80 x 80 x L\u00e4nge 710 mm<br \/>\n  - Europ&auml;ische Eiche 80 x 80 x L\u00e4nge 710 mm<\/p>\n<p><img decoding=\"async\" src=\"images\/9pfosten.gif\" border=\"0\" alt=\"9-stielig verleimt\" \/><br \/>\n9-stielig verleimt<\/p>\n<p>- Buche leicht ged&auml;mpft 120 x 120 x L\u00e4nge 750 mm<br \/>\n- Europ&auml;ische Eiche 120 x 120 x L\u00e4nge 750 mm<\/p>\n<p>\n- Europ&auml;ische Eiche 160 x 160 x L\u00e4nge 750 mm, 12-stielig verleimt\n<\/p>\n<p><\/p>\n<\/div>\n<div style=\"width:316px;float:right;\">\n<p><img decoding=\"async\" src=\"images\/tischplatte_wildeiche1.jpg\" border=\"0\" alt=\"LARBON Tischplatte Wildeiche\" \/><\/p>\n<p><img decoding=\"async\" src=\"images\/tischplatte_wildeiche2.jpg\" border=\"0\" alt=\"LARBON Tischplatte Wildeiche\" \/><\/p>\n<p><img decoding=\"async\" src=\"images\/tischplatte_wildeiche_rund.jpg\" border=\"0\" alt=\"LARBON Tischplatte rund Wildeiche\" \/><\/p>\n<p><img decoding=\"async\" src=\"images\/tischbein_eiche_quadratisch.jpg\" border=\"0\" alt=\"LARBON Tischbeine Eiche quadratisch\" \/><\/p>\n<\/div>\n<\/div>","protected":false},"excerpt":{"rendered":"<p>LARBON Tischplatten aus Massivholz - Tischplatten aus massivem Laubholz haben einen zeitlosen Charme und \u00fcberzeugen durch die hochwertige Haptik - Laubholzarten haben die n\u00f6tige H\u00e4rte f\u00fcr Tischplatten und verf\u00fcgen \u00fcber antibakterielle Eigenschaften - Massivholzplatten \/ Leimholzplatten sind hochwertige Naturprodukte mit langer Lebensdauer und nat\u00fcrlicher, unverwechselbarer Sch\u00f6nheit - Holz ist ein Naturprodukt, das bei regelm\u00e4\u00dfiger Pflege [&hellip;]<\/p>","protected":false},"author":1,"featured_media":0,"parent":0,"menu_order":70,"comment_status":"closed","ping_status":"closed","template":"","meta":{"footnotes":""},"class_list":["post-23","page","type-page","status-publish","hentry"],"_links":{"self":[{"href":"https:\/\/www.euroforest.de\/ru\/wp-json\/wp\/v2\/pages\/23","targetHints":{"allow":["GET"]}}],"collection":[{"href":"https:\/\/www.euroforest.de\/ru\/wp-json\/wp\/v2\/pages"}],"about":[{"href":"https:\/\/www.euroforest.de\/ru\/wp-json\/wp\/v2\/types\/page"}],"author":[{"embeddable":true,"href":"https:\/\/www.euroforest.de\/ru\/wp-json\/wp\/v2\/users\/1"}],"replies":[{"embeddable":true,"href":"https:\/\/www.euroforest.de\/ru\/wp-json\/wp\/v2\/comments?post=23"}],"version-history":[{"count":0,"href":"https:\/\/www.euroforest.de\/ru\/wp-json\/wp\/v2\/pages\/23\/revisions"}],"wp:attachment":[{"href":"https:\/\/www.euroforest.de\/ru\/wp-json\/wp\/v2\/media?parent=23"}],"curies":[{"name":"wp","href":"https:\/\/api.w.org\/{rel}","templated":true}]}}