{"id":25,"date":"2013-03-03T22:14:12","date_gmt":"2013-03-03T21:14:12","guid":{"rendered":"https:\/\/www.euroforest.de\/diy\/"},"modified":"2013-03-03T22:14:12","modified_gmt":"2013-03-03T21:14:12","slug":"diy","status":"publish","type":"page","link":"https:\/\/www.euroforest.de\/ru\/diy\/","title":{"rendered":"DIY"},"content":{"rendered":"<div style=\"height:1400px\">\n<div style=\"width:460px;padding-left:15px;padding-top:15px;float:left;\">\n<h1><img decoding=\"async\" src=\"images\/blatt.gif\" border=\"0\" alt=\"LARBON Logo\" \/>Leimholzplatten DIY - Das Sortiment f\u00fcr die Baumarkt-Sortimenter<\/h1>\n<p>&nbsp;<\/p>\n<p style=\"color:#c63;font-weight:bold\">Lagersortiment:<\/p>\n<p>Euroforest liefert bereits seit 2005 ein zuverl\u00e4ssiges und preisg\u00fcnstiges Leimholzplatten Laubholz-Sortiment f\u00fcr Baum\u00e4rkte (DIY) und Holz-Fachm\u00e4rkte (Retail) in ganz Europa.<\/p>\n<p><\/p>\n<p style=\"color:#c63;font-weight:bold\">Produktbeschreibung Leimholzplatten DIY:<\/p>\n<ul style=\"list-style-position:outside; list-style-type:square; color: #030; padding: 10px\">\n<li><span style=\"color:#030;font-weight:bold\">Holzarten:<\/span> Asien: Acacia \/ Akazie FSC mix, Paulownia FSC mix, Eukalyptus, Rubberwood (Hevea), Mindi (Melia azedarach)<br \/>Europa: Birke FSC, Esche, Eiche FSC, Buche leicht ged\u00e4mpft FSC, Buche natur FSC, Europ&auml;ischer Nu\u00dfbaum FSC, Europ&auml;ische Kirsche FSC<\/li>\n<li><span style=\"color:#030;font-weight:bold\">Typen:<\/span> keilgezinkte Lamellenbreiten \/ durchgehende Lamellen<\/li>\n<li><span style=\"color:#030;font-weight:bold\">Qualit\u00e4ten:<\/span> A\/B, B\/B, B\/C, C\/C<\/li>\n<li><span style=\"color:#030;font-weight:bold\">Verwendung:<\/span> Arbeitsplatten, Regalb\u00f6den, Zuschnittplatten, Tischplatten<\/li>\n<p><\/p>\n<hr \/>\n<p><\/p>\n<li><span style=\"color:#030;font-weight:bold\">St&auml;rken:<\/span> 18\/19\/20mm, 25\/26\/27mm, 38\/40mm<\/li>\n<li><span style=\"color:#030;font-weight:bold\">L&auml;ngen:<\/span> 800, 1000, 1200, 1800, 2000, 2500mm<\/li>\n<li><span style=\"color:#030;font-weight:bold\">Breiten:<\/span> 200, 250, 300, 400, 500, 600, 800, 900mm<\/li>\n<p><\/p>\n<hr \/>\n<p><\/p>\n<li><span style=\"color:#030;font-weight:bold\">Verleimung:<\/span> gem. D3-EN 204 wasserfest verleimt, gepr\u00fcfte und zertifizierte PVAC-Wei\u00dfleime formaldehydfrei<\/li>\n<li><span style=\"color:#030;font-weight:bold\">Kanten:<\/span> scharfkantig, gebrochene\/gefast oder gerundete Kanten m\u00f6glich<\/li>\n<li><span style=\"color:#030;font-weight:bold\">Verpackung:<\/span> Einzeln foliert mit Einleger oder paketweise foliert<\/li>\n<li><span style=\"color:#030;font-weight:bold\">Oberfl&auml;che:<\/span> geschliffen Korn 80\/100\/120, roh oder ge\u00f6lt<\/li>\n<li><span style=\"color:#030;font-weight:bold\">Lieferung:<\/span> im Container oder per LKW<\/li>\n<\/ul>\n<p>\n{gotop}<\/p>\n<\/div>\n<div style=\"width:316px;float:right;\">\n<p><img decoding=\"async\" src=\"images\/leimholzplatten_larbon.jpg\" border=\"0\" alt=\"LARBON \u043c\u0430\u0441\u0441\u0438\u0432\u043d\u044b\u0435 \u0434\u0435\u0440\u0435\u0432\u044f\u043d\u043d\u044b\u0435 \u043f\u0430\u043d\u0435\u043b\u0438\" \/><\/p>\n<p><img decoding=\"async\" src=\"images\/larbon_platten.jpg\" border=\"0\" alt=\"LARBON \u043c\u0430\u0441\u0441\u0438\u0432\u043d\u044b\u0435 \u0434\u0435\u0440\u0435\u0432\u044f\u043d\u043d\u044b\u0435 \u043f\u0430\u043d\u0435\u043b\u0438\" \/><\/p>\n<p><img decoding=\"async\" src=\"images\/larbon_platte.jpg\" border=\"0\" alt=\"LARBON Massivholzplatte\" \/><\/p>\n<p><img decoding=\"async\" src=\"images\/larbon_stapel.jpg\" border=\"0\" alt=\"LARBON \u043c\u0430\u0441\u0441\u0438\u0432\u043d\u044b\u0435 \u0434\u0435\u0440\u0435\u0432\u044f\u043d\u043d\u044b\u0435 \u043f\u0430\u043d\u0435\u043b\u0438\" \/><\/p>\n<\/div>\n<\/div>","protected":false},"excerpt":{"rendered":"<p>Leimholzplatten DIY - Das Sortiment f\u00fcr die Baumarkt-Sortimenter &nbsp; Lagersortiment: Euroforest liefert bereits seit 2005 ein zuverl\u00e4ssiges und preisg\u00fcnstiges Leimholzplatten Laubholz-Sortiment f\u00fcr Baum\u00e4rkte (DIY) und Holz-Fachm\u00e4rkte (Retail) in ganz Europa. Produktbeschreibung Leimholzplatten DIY: Holzarten: Asien: Acacia \/ Akazie FSC mix, Paulownia FSC mix, Eukalyptus, Rubberwood (Hevea), Mindi (Melia azedarach)Europa: Birke FSC, Esche, Eiche FSC, Buche [&hellip;]<\/p>","protected":false},"author":1,"featured_media":0,"parent":0,"menu_order":68,"comment_status":"closed","ping_status":"closed","template":"","meta":{"footnotes":""},"class_list":["post-25","page","type-page","status-publish","hentry"],"_links":{"self":[{"href":"https:\/\/www.euroforest.de\/ru\/wp-json\/wp\/v2\/pages\/25","targetHints":{"allow":["GET"]}}],"collection":[{"href":"https:\/\/www.euroforest.de\/ru\/wp-json\/wp\/v2\/pages"}],"about":[{"href":"https:\/\/www.euroforest.de\/ru\/wp-json\/wp\/v2\/types\/page"}],"author":[{"embeddable":true,"href":"https:\/\/www.euroforest.de\/ru\/wp-json\/wp\/v2\/users\/1"}],"replies":[{"embeddable":true,"href":"https:\/\/www.euroforest.de\/ru\/wp-json\/wp\/v2\/comments?post=25"}],"version-history":[{"count":0,"href":"https:\/\/www.euroforest.de\/ru\/wp-json\/wp\/v2\/pages\/25\/revisions"}],"wp:attachment":[{"href":"https:\/\/www.euroforest.de\/ru\/wp-json\/wp\/v2\/media?parent=25"}],"curies":[{"name":"wp","href":"https:\/\/api.w.org\/{rel}","templated":true}]}}