{"id":26,"date":"2013-03-03T22:14:29","date_gmt":"2013-03-03T21:14:29","guid":{"rendered":"https:\/\/www.euroforest.de\/bambus-platten\/"},"modified":"2013-03-03T22:14:29","modified_gmt":"2013-03-03T21:14:29","slug":"bambus-platten","status":"publish","type":"page","link":"https:\/\/www.euroforest.de\/ru\/bambus-platten\/","title":{"rendered":"Bambus-Platten"},"content":{"rendered":"<div style=\"height:3200px\">\n<div style=\"width:460px;padding-left:15px;padding-top:15px;float:left;\">\n<h1><img decoding=\"async\" src=\"images\/blatt.gif\" border=\"0\" alt=\"LARBON Logo\" \/>Massive Bambus Arbeits-, Tisch- und M\u00f6belplatten.<\/h1>\n<p>&nbsp;<\/p>\n<p span style=\"color:#c63;font-weight:bold;font-size:14px;\">Bambus - ein Gras mit Urkraft<\/p>\n<p> Besonders in Asien ist Bambus in fast allen Lebensbereichen (Br\u00fccken- und Ger\u00fcstbau, M\u00f6bel, Fu\u00dfb\u00f6den, etc.) ein fester Bestandteil. Von den Botanikern als Gras eingestuft, erreicht das Gew\u00e4chs innerhalb weniger Monate H\u00f6hen von 15-30 Meter und beginnt erst dann zu verholzen.<\/p>\n<p>Der Bambus f\u00fcr unsere Platten kommt aus verschiedenen Regionen Chinas und ist klimatisch harten Bedingungen ausgesetzt. So f\u00f6rdern Frost und Schnee eine noch festere Strukturbildung und verbessern zus\u00e4tzlich die bereits sehr guten Eigenschaften.<\/p>\n<p>Verantwortungsvolle Forstwirtschaft sorgt f\u00fcr ein \u00f6kologisches Gleichgewicht und f\u00fcr rasche Regeneration. Botanisch z\u00e4hlt der von uns verwendete \"Phyllostachus pubenscens\" zwar zu den Gr\u00e4sern, \"technisch\" kann er aufgrund seiner chemischen Zusammensetzung (70% Zellulose, 20% Lignin) jedoch dem Holz zugerechnet werden. <\/p>\n<p><\/p>\n<p span style=\"color:#c63;font-weight:bold;font-size:14px;\">Modernes Design und hervorragende Eigenschaften<\/p>\n<p>Bambus verf\u00fcgt \u00fcber <strong>enorme Festigkeiten<\/strong>, ist modern, optisch hoch ansprechend und ist \u00f6kologisch sinnvoll. Bambus ist zwar Gras, kann aber als \u201eHolz des 21. Jahrhunderts\" angesehen werden. Die gro\u00dfen Bambussarten geh\u00f6ren zu den am schnellsten wachsenden Pflanzen dieser Welt. Die Pflanze ist haupts\u00e4chlich in China zu Hause und hier das Symbol f\u00fcr Gl\u00fcck und Freundschaft. Der Bambus w\u00e4chst in 2 bis 4 Monaten auf eine stolze H\u00f6he von bis zu zwanzig Meter. Nach vier weiteren Jahren ist der Bambus verholzt und kann schon geerntet werden. Nach der Ernte w\u00e4chst der Bambus von alleine nach. F\u00fcr Platten aus Bambus muss daher kein einziger Baum gef\u00e4llt werden.<\/p>\n<p>Bei der Herstellung der Platten wird nur der \u00e4u\u00dfere Mantel der chinesischen Bambusart \"Phyllostachus pubenscens\" verwendet, der enorme Qualit\u00e4ten mitbringt. Der geschnittene Stamm wird nach dem Spalten gegl\u00e4ttet, erhitzt und getrocknet. Aufgrund der Wandst\u00e4rke der Bambushalme sind die verwendeten Lamellen max. 5mm stark und 20mm breit. Die Lamellen der Deck- und Mittellagen k\u00f6nnen liegend <strong>\"horizontal\"<\/strong> oder stehend <strong>\"vertikal\"<\/strong> verleimt werden.<\/p>\n<p>Bei hohem Druck und gro\u00dfer Hitze werden die Bambus-Platten <strong>kreuzweise 3-oder 5-schichtig verleimt<\/strong>. Die kreuzweise Verleimung garantiert h\u00f6chste Qualit\u00e4t. Bambus ist extrem belastbar auf Druck, Zug und Biegung und dennoch sehr leicht zu verarbeiten. In Bambus finden sich weder Harze noch Gerbs\u00e4uren. Mit nur 10% Holzfeuchte, einer Brinellh\u00e4rte von 40 (sehr hart), geringem Gewicht und niedrigem Quell- und Schwindverhalten \u00fcbertrifft er s\u00e4mtliche Holzarten. Bambus reagiert bei kurzfristigen Klimaschwankungen nur sehr tr\u00e4ge. Zudem ist sein Abriebwiderstand mit Eiche und Buche vergleichbar.<\/p>\n<p>{gotop}<br \/>\n<\/p>\n<p span style=\"color:#c63;font-weight:bold;font-size:14px;\">Die Eigenschaften von Bambus<\/p>\n<p>Bambus ist eines der bedeutendsten Baumaterialien der Welt - und das seit Jahrtausenden. Zus\u00e4tzlich zu seiner immensen Stabilit\u00e4t garantiert er h\u00f6chste Belastbarkeit, lange Lebensdauer und h\u00e4lt einige \u00dcberraschungen parat:<\/p>\n<ul style=\"list-style-position:outside; list-style-type:square; color: #030; padding: 10px\">\n<li>Zugfestigkeit ist h\u00f6her als bei Stahl<\/li>\n<li>h\u00e4rter als Eichenholz<\/li>\n<li>Zuwachs pro Tag: 30cm bis 1m<\/li>\n<li>deutlich elastischer und leichter als s\u00e4mtliche Holzarten<\/li>\n<li>\u00f6kologisch (w\u00e4chst bereits innerhalb 5 Jahren nach)<\/li>\n<\/ul>\n<p><\/p>\n<p style=\"color:#c63;font-weight:bold\">Verwendung:<\/p>\n<p>Lassen Sie sich \u00fcberzeugen von der nat\u00fcrlichen Sch\u00f6nheit, pr\u00e4zisen Verarbeitung, edlen Optik und den hervorragenden Eigenschaften von Bambus als Tischplatten, M\u00f6belplatten, Treppenstufenplatten und K\u00fcchenarbeitsplatten.<\/p>\n<p><\/p>\n<p style=\"color:#c63;font-weight:bold\">Technische Daten:<\/p>\n<ul style=\"list-style-position:outside; list-style-type:square; color: #030; padding: 10px\">\n<li>Brinelh\u00e4rte: ca. 40 N\/mm\u00b2 (sehr hart)<\/li>\n<li>Differenzielles Quellma\u00df: 0,14% per 1% Holzfeuchtever\u00e4nderung<\/li>\n<li>Feuchtigkeitsgehalt: 10% bei 20\u00ba C und 65% relative Luftfeuchte sowie 8% bei 20\u00ba C und 50% relative Luftfeuchte<\/li>\n<li>Rohdichte: 700 kg\/ m\u00b3<\/li>\n<li>Brandschutznorm: Baustoffklasse B1 (CH 5,3) - (Gro\u00dfbritannien: Norm BS 476 Teil 7) - Klasse 3 nach belgischer Norm NBN<\/li>\n<li>Emissionsklasse: 0,01 mg\/m\u00b3 (E1 Norm: max. 0,124 mg\/m\u00b3)<\/li>\n<\/ul>\n<p><\/p>\n<p style=\"color:#c63;font-weight:bold\">Farben, Ausf\u00fchrungstypen und Abmessungen:<\/p>\n<p>Man unterscheidet 2 Farbt\u00f6ne: <strong>\"natur\"<\/strong> (hell, gelblich) und <strong>\"coffee\"<\/strong> (oder \"karamell\", ged\u00e4mpft, br\u00e4unlich). Die Farbgebung erfolgt ohne chemische Mittel. Dadurch, dass Bambus Zucker enth\u00e4lt und dieser karamellisiert, entstehen die Farbt\u00f6ne. Von dunkel bis hell, je nachdem wie lange ged\u00e4mpft wurde.<\/p>\n<p>Beim Typ <strong>\"horizontal\"<\/strong> sind die Lamellen der \u00e4u\u00dfersten Lagen (Decklagen) liegend angeordnet. Dadurch ergibt sich eine Lamellenbreite der Decklagen von ca. 15mm und die Nodien (= Verdickungen) zeichnen sich deutlich ab. Beim Typ <strong>\"vertikal\"<\/strong> sind die Decklamellen hochkant angeordnet. Die Lamellenbreiten von ca. 5mm ergeben ein schlichteres Bild der Lamellenstruktur.<\/p>\n<p>{gotop}<br \/>\n<\/p>\n<p><span style=\"color:#c63;font-weight:bold;font-size:14px;\">5-schichtig verleimt (4\/8\/16\/8\/4mm):<\/span><\/p>\n<p><span style=\"line-height:20px\"><br \/>\n<strong>Abmessung \/ Aufbau \/ Farbe<\/strong><br \/> <br \/>\n40mm x 2440mm x 1220mm \/ horizontal \/ coffee<br \/>\n40mm x 2440mm x 1220mm \/ horizontal \/ natur<br \/>\n40mm x 2440mm x 1220mm \/ vertikal \/ coffee<br \/>\n40mm x 2440mm x 1220mm \/ vertikal \/ natur<\/p>\n<p>40mm x 3000mm x 700mm \/ horizontal \/ coffee<br \/>\n40mm x 3000mm x 700mm \/ horizontal \/ natur<br \/>\n40mm x 3000mm x 700mm \/ vertikal \/ coffee<br \/>\n40mm x 3000mm x 700mm \/ vertikal \/ natur<\/p>\n<p><\/span>\n<\/p>\n<p><span style=\"color:#c63;font-weight:bold;font-size:14px;\">5-schichtig verleimt (4\/6\/20\/6\/4mm):<\/span><\/p>\n<p><span style=\"line-height:20px\"><br \/>\n<strong>Abmessung \/ Aufbau \/ Farbe<\/strong><br \/> <br \/>\n40mm x 4000mm x 620mm \/ horizontal \/ coffee<br \/>\n40mm x 4000mm x 620mm \/ horizontal \/ natur<br \/>\n40mm x 4000mm x 620mm \/ vertikal \/ coffee<br \/>\n40mm x 4000mm x 620mm \/ vertikal \/ natur<\/p>\n<p><\/span>\n<\/p>\n<p><span style=\"color:#c63;font-weight:bold;font-size:14px;\">3-schichtig verleimt (4\/22\/4mm):<\/span><\/p>\n<p><span style=\"line-height:20px\"><br \/>\n<strong>Abmessung \/ Aufbau \/ Farbe<\/strong><br \/> <br \/>\n30mm x 2440mm x 1220mm \/ horizontal \/ coffee<br \/>\n30mm x 2440mm x 1220mm \/ horizontal \/ natur<br \/>\n30mm x 2440mm x 1220mm \/ vertikal \/ coffee<br \/>\n30mm x 2440mm x 1220mm \/ vertikal \/ natur<\/p>\n<p><\/span>\n<\/p>\n<p><span style=\"color:#c63;font-weight:bold;font-size:14px;\">3-schichtig verleimt (4\/17\/4mm):<\/span><\/p>\n<p><span style=\"line-height:20px\"><br \/>\n<strong>Abmessung \/ Aufbau \/ Farbe<\/strong><br \/> <br \/>\n25mm x 2440mm x 1220mm \/ horizontal \/ coffee<br \/>\n25mm x 2440mm x 1220mm \/ horizontal \/ natur<br \/>\n25mm x 2440mm x 1220mm \/ vertikal \/ coffee<br \/>\n25mm x 2440mm x 1220mm \/ vertikal \/ natur<\/p>\n<p><\/span>\n<\/p>\n<p><span style=\"color:#c63;font-weight:bold;font-size:14px;\">3-schichtig verleimt (4\/12\/4mm):<\/span><\/p>\n<p><span style=\"line-height:20px\"><br \/>\n<strong>Abmessung \/ Aufbau \/ Farbe<\/strong><br \/> <br \/>\n20mm x 2440mm x 1220mm \/ horizontal \/ coffee<br \/>\n20mm x 2440mm x 1220mm \/ horizontal \/ natur<br \/>\n20mm x 2440mm x 1220mm \/ vertikal \/ coffee<br \/>\n20mm x 2440mm x 1220mm \/ vertikal \/ natur<\/p>\n<p><\/span>\n<\/p>\n<p><span style=\"color:#c63;font-weight:bold;font-size:14px;\">1-schichtig verleimt (5mm):<\/span><\/p>\n<p><span style=\"line-height:20px\"><br \/>\n<strong>Abmessung \/ Aufbau \/ Farbe<\/strong><br \/> <br \/>\n5mm x 2440mm x 1220mm \/ horizontal \/ coffee<br \/>\n5mm x 2440mm x 1220mm \/ horizontal \/ natur<br \/>\n5mm x 2440mm x 1220mm \/ vertikal \/ coffee<br \/>\n5mm x 2440mm x 1220mm \/ vertikal \/ natur<\/p>\n<p><\/span>\n<\/p>\n<p>\n{gotop}<br \/>\n<\/p>\n<\/div>\n<div style=\"width:316px;float:right;\">\n  <img decoding=\"async\" src=\"images\/bambuswald.jpg\" border=\"0\" alt=\"Bambuswald\" \/><\/p>\n<p><img decoding=\"async\" src=\"images\/bambus_querschnitt.jpg\" border=\"0\" alt=\"Querschnitt Bambus\" \/><\/p>\n<p>  <img decoding=\"async\" src=\"images\/bambus_horizontal_natur.jpg\" border=\"0\" alt=\"LARBON Bambusplatten\" \/><\/p>\n<p><img decoding=\"async\" src=\"images\/bambus_horizontal_coffee.jpg\" border=\"0\" alt=\"LARBON Bambusplatten\" \/><\/p>\n<p><img decoding=\"async\" src=\"images\/bambus_vertikal_natur.jpg\" border=\"0\" alt=\"LARBON Bambusplatten\" \/><\/p>\n<p><img decoding=\"async\" src=\"images\/bambus_vertikal_coffee.jpg\" border=\"0\" alt=\"LARBON Treppenstufenplatten\" \/><\/p>\n<p><img decoding=\"async\" src=\"images\/bambus_3schicht_horizontal.jpg\" border=\"0\" alt=\"LARBON Massivholzplatte\" \/><\/p>\n<p><img decoding=\"async\" src=\"images\/bambus_5schicht_horizontal.jpg\" border=\"0\" alt=\"LARBON Bambusplatten\" \/><\/p>\n<p><img decoding=\"async\" src=\"images\/bambus_3schicht_vertikal.jpg\" border=\"0\" alt=\"LARBON Bambusplatten\" \/><\/p>\n<p><img decoding=\"async\" src=\"images\/bambus_5schicht_vertikal.jpg\" border=\"0\" alt=\"LARBON \u043c\u0430\u0441\u0441\u0438\u0432\u043d\u044b\u0435 \u0434\u0435\u0440\u0435\u0432\u044f\u043d\u043d\u044b\u0435 \u043f\u0430\u043d\u0435\u043b\u0438\" \/><\/p>\n<p><img decoding=\"async\" src=\"images\/bambus_5_h_natur2.jpg\" border=\"0\" alt=\"LARBON \u043c\u0430\u0441\u0441\u0438\u0432\u043d\u044b\u0435 \u0434\u0435\u0440\u0435\u0432\u044f\u043d\u043d\u044b\u0435 \u043f\u0430\u043d\u0435\u043b\u0438\" \/><\/p>\n<p><img decoding=\"async\" src=\"images\/bambus_5_h_natur1.jpg\" border=\"0\" alt=\"LARBON \u043c\u0430\u0441\u0441\u0438\u0432\u043d\u044b\u0435 \u0434\u0435\u0440\u0435\u0432\u044f\u043d\u043d\u044b\u0435 \u043f\u0430\u043d\u0435\u043b\u0438\" \/><\/p>\n<p><img decoding=\"async\" src=\"images\/bambus_5_v_coffee.jpg\" border=\"0\" alt=\"LARBON \u043c\u0430\u0441\u0441\u0438\u0432\u043d\u044b\u0435 \u0434\u0435\u0440\u0435\u0432\u044f\u043d\u043d\u044b\u0435 \u043f\u0430\u043d\u0435\u043b\u0438\" \/><\/p>\n<\/div>\n<\/div>","protected":false},"excerpt":{"rendered":"<p>Massive Bambus Arbeits-, Tisch- und M\u00f6belplatten. &nbsp; Bambus - ein Gras mit Urkraft Besonders in Asien ist Bambus in fast allen Lebensbereichen (Br\u00fccken- und Ger\u00fcstbau, M\u00f6bel, Fu\u00dfb\u00f6den, etc.) ein fester Bestandteil. Von den Botanikern als Gras eingestuft, erreicht das Gew\u00e4chs innerhalb weniger Monate H\u00f6hen von 15-30 Meter und beginnt erst dann zu verholzen. Der Bambus [&hellip;]<\/p>","protected":false},"author":1,"featured_media":0,"parent":0,"menu_order":67,"comment_status":"closed","ping_status":"closed","template":"","meta":{"footnotes":""},"class_list":["post-26","page","type-page","status-publish","hentry"],"_links":{"self":[{"href":"https:\/\/www.euroforest.de\/ru\/wp-json\/wp\/v2\/pages\/26","targetHints":{"allow":["GET"]}}],"collection":[{"href":"https:\/\/www.euroforest.de\/ru\/wp-json\/wp\/v2\/pages"}],"about":[{"href":"https:\/\/www.euroforest.de\/ru\/wp-json\/wp\/v2\/types\/page"}],"author":[{"embeddable":true,"href":"https:\/\/www.euroforest.de\/ru\/wp-json\/wp\/v2\/users\/1"}],"replies":[{"embeddable":true,"href":"https:\/\/www.euroforest.de\/ru\/wp-json\/wp\/v2\/comments?post=26"}],"version-history":[{"count":0,"href":"https:\/\/www.euroforest.de\/ru\/wp-json\/wp\/v2\/pages\/26\/revisions"}],"wp:attachment":[{"href":"https:\/\/www.euroforest.de\/ru\/wp-json\/wp\/v2\/media?parent=26"}],"curies":[{"name":"wp","href":"https:\/\/api.w.org\/{rel}","templated":true}]}}