{"id":27,"date":"2013-03-03T22:15:33","date_gmt":"2013-03-03T21:15:33","guid":{"rendered":"https:\/\/www.euroforest.de\/3-schicht-platten\/"},"modified":"2013-03-03T22:15:33","modified_gmt":"2013-03-03T21:15:33","slug":"3-schicht-platten","status":"publish","type":"page","link":"https:\/\/www.euroforest.de\/ru\/3-schicht-platten\/","title":{"rendered":"3-Schicht-Platten"},"content":{"rendered":"<div style=\"height:2000px\">\n<div style=\"width:460px;padding-left:15px;padding-top:15px;float:left;\">\n<h1><img decoding=\"async\" src=\"images\/blatt.gif\" border=\"0\" alt=\"LARBON Logo\" \/>3-Schicht-Platten Laubholz (3-S-Platten)<\/h1>\n<p>= Dreischichtplatten aus Massivholz (3-schichtige Leimholzplatten aus Laubholz)<\/p>\n<p>Der Gro\u00dfe Vorteil von Dreischichtplatten liegt im geringen Quell- und Schwindverhalten durch die kreuzweise Verleimung und die hohe Oberfl\u00e4chenqualit\u00e4t durch die Verwendung von 5mm starken Decklagen in Furnierqualit\u00e4t.<\/p>\n<p>&nbsp;<\/p>\n<p style=\"color:#c63;font-weight:bold\">Verwendung:<\/p>\n<p>Ausgesuchte Qualit\u00e4t f\u00fcr M\u00f6belbauplatten, Arbeits- und Tischplatten, Treppenstufen, M\u00f6belfronten, im Innenbereich.<\/p>\n<p><\/p>\n<p style=\"color:#c63;font-weight:bold\">Aufbau:<\/p>\n<p>\n- Kreuzweise verleimt f\u00fcr geringes Quell- und Schwindverhalten<br \/>\n- Mittellage und Decklage gleiche Holzart<br \/>\n- Decklagen durchgehende Lamelle, Mittellage keilgezinkt, Fugen bei Deck- und Mittellagen verleimt<br \/>\n- St\u00e4rke 20mm: Decklagen 5mm \/ Mittellage 10mm<br \/>\n- St\u00e4rke 26mm: Decklagen 5mm \/ Mittellage 16mm\n<\/p>\n<p><\/p>\n<p style=\"color:#c63;font-weight:bold\">Holzarten:<\/p>\n<p>\n- Buche leicht ged\u00e4mpft A\/B<br \/>\n- Kernbuche leicht ged\u00e4mpft<br \/>\n- Europ\u00e4ische Eiche A\/B<br \/>\n- Wildeiche \/ Asteiche (Rustikal, \u00c4ste gespachtelt)<br \/>\n- Europ\u00e4ischer Ahorn A\/B<br \/>\n- Birke A\/B<br \/>\n- Erle natur A\/B<br \/>\n- Esche A\/B<br \/>\n- Europ\u00e4ischer Kirschbaum (Kirsche) ged\u00e4mpft A\/B<br \/>\n- Europ\u00e4ischer Nu\u00dfbaum (Nu\u00df) ged\u00e4mpft A\/B<br \/>\n- Amerikanischer Nu\u00dfbaum (Black Walnut) ged\u00e4mpft A\/B\n<\/p>\n<p><\/p>\n<p style=\"color:#c63;font-weight:bold\">Lager-Standardabmessungen (St&auml;rke x L&auml;nge x Breite):<\/p>\n<p>\n20mm x   810mm x 1250mm<br \/>\n20mm x   940mm x 1250mm<br \/>\n20mm x 1250mm x 1250mm<br \/>\n20mm x 1650mm x 1250mm<br \/>\n20mm x 1900mm x 1250mm<br \/>\n20mm x 2050mm x 1250mm<br \/>\n20mm x 2300mm x 1250mm<br \/>\n20mm x 2500mm x 1250mm<br \/>\n20mm x 2750mm x 1250mm<br \/>\n20mm x 3000mm x 1250mm<\/p>\n<p>26mm x   810mm x 1250mm<br \/>\n26mm x   940mm x 1250mm<br \/>\n26mm x 1250mm x 1250mm<br \/>\n26mm x 1650mm x 1250mm<br \/>\n20mm x 1900mm x 1250mm<br \/>\n26mm x 2050mm x 1250mm<br \/>\n26mm x 2300mm x 1250mm<br \/>\n26mm x 2500mm x 1250mm<br \/>\n26mm x 2750mm x 1250mm<br \/>\n26mm x 3000mm x 1250mm\n<\/p>\n<p><\/p>\n<p style=\"color:#c63;font-weight:bold\">Produktbeschreibung Dreischichtplatten:<\/p>\n<ul style=\"list-style-position:outside; list-style-type:square; color: #030; padding: 10px\">\n<li><span style=\"color:#030;font-weight:bold\">St&auml;rken:<\/span> 20mm, 26mm (+\/- 0,2mm)<\/li>\n<p><\/p>\n<li><span style=\"color:#030;font-weight:bold\">Aufbau:<\/span> 20mm = 5+10+5mm, 26mm = 5+16+5mm<\/li>\n<p><\/p>\n<li><span style=\"color:#030;font-weight:bold\">L&auml;ngen:<\/span><br \/> 810\/ 940\/ 1250\/ 1650\/ 1900\/ 2050\/ 2300\/ 2500\/ 2750\/ 3000mm (+\/- -0mm\/+max. 20mm). Sonderl\u00e4ngen \/ Fixl\u00e4ngen auf Anfrage.<\/li>\n<p><\/p>\n<li><span style=\"color:#030;font-weight:bold\">Standardbreite:<\/span> 1250mm (-0mm\/+max. 10mm)<\/li>\n<hr \/>\n<p><\/p>\n<li><span style=\"color:#030;font-weight:bold\">Qualit\u00e4t:<\/span><br \/>M\u00f6belbau-Sortierung A\/B (Oberseite A = sauber, farblich sortiert, ohne Fehler, Eiche ohne Splint \/ Unterseite B = Eiche Splint erlaubt, farblich nicht sortiert)<\/li>\n<p><\/p>\n<li><span style=\"color:#030;font-weight:bold\">Lamellenbreite:<\/span> 60\/70mm fix standard, Eiche, Wildeiche, Birke und Esche auch fallend 50-130mm<\/li>\n<p><\/p>\n<li><span style=\"color:#030;font-weight:bold\">Holzfeuchte:<\/span> 7 +\/- 2% (Konditionierung auf Verwendungsfeuchte notwendig)<\/li>\n<hr \/>\n<p><\/p>\n<li><span style=\"color:#030;font-weight:bold\">Verleimung:<\/span><br \/>formaldehydfreie D4-EN 204 Verleimung (PVAC Leim f\u00fcr Innenverwendung). Mit D4 Verleimungen ist lediglich die technische Klasse von Massivholzplatten gem. EN 13353 von SWP\/2 (Feuchtbereich nach EN 13986) zu erreichen.<\/li>\n<p><\/p>\n<li><span style=\"color:#030;font-weight:bold\">Zertifizierung:<\/span> FSC-100% (SCS-COC-003282)<\/li>\n<p><\/p>\n<li><span style=\"color:#030;font-weight:bold\">Verpackung:<\/span> jede Platte einzeln foliert<\/li>\n<p><\/p>\n<li><span style=\"color:#030;font-weight:bold\">Oberfl&auml;che:<\/span> beidseitig geschliffen mit Korn 60, Kanten s\u00e4gerau, auf Wunsch auch ein- oder beidseitig geb\u00fcrstet<\/li>\n<p><\/p>\n<\/ul>\n<p>\n{gotop}<\/p>\n<\/div>\n<div style=\"width:316px;float:right;\">\n  <img decoding=\"async\" src=\"images\/piktogramm_dreischichtplatte2.jpg\" border=\"0\" alt=\"LARBON 3-Schicht-Platte Aufbau\" \/><br \/>\n3-Schicht-Platte Aufbau<\/p>\n<p><img decoding=\"async\" src=\"images\/3_s_platte_buche.jpg\" border=\"0\" alt=\"LARBON Dreischichtplatte Buche\" \/><br \/>\n3-Schicht-Platte Buche<\/p>\n<p><img decoding=\"async\" src=\"images\/3_s_platte_kernbuche.jpg\" border=\"0\" alt=\"LARBON Dreischichtplatte Kernbuche\" \/><br \/>\n3-Schicht-Platte Kernbuche<\/p>\n<p><img decoding=\"async\" src=\"images\/3_s_platte_eiche.jpg\" border=\"0\" alt=\"LARBON Dreischichtplatte Eiche\" \/><br \/>\n3-Schicht-Platte Eiche<\/p>\n<p><img decoding=\"async\" src=\"images\/3_s_platte_ahorn.jpg\" border=\"0\" alt=\"LARBON Dreischichtplatte Ahorn\" \/><br \/>\n3-Schicht-Platte Ahorn<\/p>\n<p><img decoding=\"async\" src=\"images\/3_s_platte_esche.jpg\" border=\"0\" alt=\"LARBON Dreischichtplatte Esche\" \/><br \/>\n3-Schicht-Platte Esche<\/p>\n<p><img decoding=\"async\" src=\"images\/3_s_platte_erle.jpg\" border=\"0\" alt=\"LARBON Dreischichtplatte Erle\" \/><br \/>\n3-Schicht-Platte Erle<\/p>\n<p><img decoding=\"async\" src=\"images\/3_s_platte_kirschbaum.jpg\" border=\"0\" alt=\"LARBON Dreischichtplatte Kirschbaum\" \/><br \/>\n3-Schicht-Platte Kirschbaum<\/p>\n<p><img decoding=\"async\" src=\"images\/3_s_platte_black_walnut.jpg\" border=\"0\" alt=\"LARBON Dreischichtplatte Black Walnut Amerikanischer Nu&szlig;baum\" \/><br \/>\n3-Schicht-Platte Black Walnut \/ Amerikanischer Nussbaum<\/p>\n<\/div>\n<\/div>","protected":false},"excerpt":{"rendered":"<p>3-Schicht-Platten Laubholz (3-S-Platten) = Dreischichtplatten aus Massivholz (3-schichtige Leimholzplatten aus Laubholz) Der Gro\u00dfe Vorteil von Dreischichtplatten liegt im geringen Quell- und Schwindverhalten durch die kreuzweise Verleimung und die hohe Oberfl\u00e4chenqualit\u00e4t durch die Verwendung von 5mm starken Decklagen in Furnierqualit\u00e4t. &nbsp; Verwendung: Ausgesuchte Qualit\u00e4t f\u00fcr M\u00f6belbauplatten, Arbeits- und Tischplatten, Treppenstufen, M\u00f6belfronten, im Innenbereich. Aufbau: - Kreuzweise [&hellip;]<\/p>","protected":false},"author":1,"featured_media":0,"parent":0,"menu_order":66,"comment_status":"closed","ping_status":"closed","template":"","meta":{"footnotes":""},"class_list":["post-27","page","type-page","status-publish","hentry"],"_links":{"self":[{"href":"https:\/\/www.euroforest.de\/ru\/wp-json\/wp\/v2\/pages\/27","targetHints":{"allow":["GET"]}}],"collection":[{"href":"https:\/\/www.euroforest.de\/ru\/wp-json\/wp\/v2\/pages"}],"about":[{"href":"https:\/\/www.euroforest.de\/ru\/wp-json\/wp\/v2\/types\/page"}],"author":[{"embeddable":true,"href":"https:\/\/www.euroforest.de\/ru\/wp-json\/wp\/v2\/users\/1"}],"replies":[{"embeddable":true,"href":"https:\/\/www.euroforest.de\/ru\/wp-json\/wp\/v2\/comments?post=27"}],"version-history":[{"count":0,"href":"https:\/\/www.euroforest.de\/ru\/wp-json\/wp\/v2\/pages\/27\/revisions"}],"wp:attachment":[{"href":"https:\/\/www.euroforest.de\/ru\/wp-json\/wp\/v2\/media?parent=27"}],"curies":[{"name":"wp","href":"https:\/\/api.w.org\/{rel}","templated":true}]}}